{"id":5853,"date":"2024-03-21T15:44:50","date_gmt":"2024-03-21T14:44:50","guid":{"rendered":"https:\/\/cannabischampionscup.com\/scc\/?page_id=5853"},"modified":"2024-03-25T20:25:03","modified_gmt":"2024-03-25T19:25:03","slug":"top-10-de-la-spannabis-champions-cup-2024","status":"publish","type":"page","link":"https:\/\/cannabischampionscup.com\/scc\/top-10-de-la-spannabis-champions-cup-2024\/","title":{"rendered":"TOP 10 de la Spannabis Champions Cup 2024"},"content":{"rendered":"\t\t<div data-elementor-type=\"wp-page\" data-elementor-id=\"5853\" class=\"elementor elementor-5853\" data-elementor-post-type=\"page\">\n\t\t\t\t\t\t<section class=\"elementor-section elementor-top-section elementor-element elementor-element-2e70ac52 elementor-section-boxed elementor-section-height-default elementor-section-height-default\" data-id=\"2e70ac52\" data-element_type=\"section\" data-e-type=\"section\" data-settings=\"{&quot;background_background&quot;:&quot;classic&quot;}\">\n\t\t\t\t\t\t\t<div class=\"elementor-background-overlay\"><\/div>\n\t\t\t\t\t\t\t<div class=\"elementor-container elementor-column-gap-default\">\n\t\t\t\t\t<div class=\"elementor-column elementor-col-100 elementor-top-column elementor-element elementor-element-10131de1\" data-id=\"10131de1\" data-element_type=\"column\" data-e-type=\"column\">\n\t\t\t<div class=\"elementor-widget-wrap elementor-element-populated\">\n\t\t\t\t\t\t<div class=\"elementor-element elementor-element-1e708e4f elementor-widget elementor-widget-heading\" data-id=\"1e708e4f\" data-element_type=\"widget\" data-e-type=\"widget\" data-widget_type=\"heading.default\">\n\t\t\t\t<div class=\"elementor-widget-container\">\n\t\t\t\t\t<h1 class=\"elementor-heading-title elementor-size-xxl\">TOP 10 SCC 2024<\/h1>\t\t\t\t<\/div>\n\t\t\t\t<\/div>\n\t\t\t\t\t<\/div>\n\t\t<\/div>\n\t\t\t\t\t<\/div>\n\t\t<\/section>\n\t\t\t\t<section class=\"elementor-section elementor-top-section elementor-element elementor-element-4a4d173f elementor-section-boxed elementor-section-height-default elementor-section-height-default\" data-id=\"4a4d173f\" data-element_type=\"section\" data-e-type=\"section\" data-settings=\"{&quot;background_background&quot;:&quot;classic&quot;}\">\n\t\t\t\t\t\t\t<div class=\"elementor-background-overlay\"><\/div>\n\t\t\t\t\t\t\t<div class=\"elementor-container elementor-column-gap-default\">\n\t\t\t\t\t<div class=\"elementor-column elementor-col-100 elementor-top-column elementor-element elementor-element-18245d41\" data-id=\"18245d41\" data-element_type=\"column\" data-e-type=\"column\">\n\t\t\t<div class=\"elementor-widget-wrap elementor-element-populated\">\n\t\t\t\t\t\t<div class=\"elementor-element elementor-element-baaed6 elementor-widget elementor-widget-text-editor\" data-id=\"baaed6\" data-element_type=\"widget\" data-e-type=\"widget\" data-widget_type=\"text-editor.default\">\n\t\t\t\t<div class=\"elementor-widget-container\">\n\t\t\t\t\t\t\t\t\t<p><\/p>\n<p><\/p>\n<h2><span style=\"color: #ffffff;\"><img decoding=\"async\" class=\" size-full wp-image-35\" src=\"https:\/\/cannabischampionscup.com\/scc\/wp-content\/uploads\/2011\/05\/lateraltransparaente.png\" width=\"1\" height=\"1\" border=\"0\" srcset=\"https:\/\/cannabischampionscup.com\/scc\/wp-content\/uploads\/2011\/05\/lateraltransparaente.png 261w, https:\/\/cannabischampionscup.com\/scc\/wp-content\/uploads\/2011\/05\/lateraltransparaente-150x150.png 150w\" sizes=\"(max-width: 1px) 100vw, 1px\" \/><\/span><\/h2>\n<h2><span style=\"color: #ffffff;\">Descubriendo a los ganadores: un vistazo a las mejores variedades de cannabis del mundo presentadas en la Spannabis Champions Cup 2024<\/span><\/h2>\n<p><span style=\"color: #ffffff;\">En primer lugar, <strong>queremos dar las gracias a sponsors y a participantes por hacer esta edici\u00f3n posible<\/strong>. Tambi\u00e9n queremos <strong>agradecer a los jueces su labor<\/strong>.<\/span><\/p>\n<p><span style=\"color: #ffffff;\"><strong>Cada participante recibir\u00e1 las puntuaciones y comentarios de los jueces a las muestras ganadoras y a las muestras que ha presentado<\/strong>.<\/span><\/p>\n<p><span style=\"color: #ffffff;\">A continuaci\u00f3n, <strong>publicamos las diez primeras posiciones de cada categor\u00eda<\/strong>, as\u00ed como el c\u00f3digo interno, el c\u00f3digo de muestra y la puntuaci\u00f3n total.<\/span><\/p>\n<p><span style=\"color: #ffffff;\">Cada a\u00f1o, <strong>trabajamos para mejorar y para llevar a cabo la mejor copa cann\u00e1bica de Europa<\/strong>, intentando ser cr\u00edticos con nosotros mismos, escuchando a jueces y participantes, y no dej\u00e1ndonos llevar por opiniones o juicios externos.<\/span><\/p>\n<p><span style=\"color: #ffffff;\">De nuevo, muchas gracias a todos por formar parte de esta maravillosa edici\u00f3n y\u2026 <a style=\"color: #ffffff;\" href=\"https:\/\/spannabis.es\/bilbao\/\"><strong>\u00a1nos vemos en Bilbao!<\/strong><\/a><\/span><\/p>\n<h2><a href=\"https:\/\/cannabischampionscup.com\/scc\/wp-content\/uploads\/2016\/06\/logo_new.png\"><img decoding=\"async\" class=\"alignright wp-image-1842 \" src=\"https:\/\/cannabischampionscup.com\/scc\/wp-content\/uploads\/2016\/06\/logo_new.png\" alt=\"\" width=\"200\" height=\"231\"><\/a><\/h2>\n<h3><span style=\"color: #ffffff;\"><strong>Top 10 de \u00cdndicas <\/strong><\/span><\/h3>\n<p><span style=\"color: #ffffff;\"><strong>1.\u00aa<\/strong> C888 \/ I15 \/ <strong>Mile High Dave \u2013 Dantes Inferno # 6<\/strong> \/ Puntuaci\u00f3n total: 272.09<\/span><\/p>\n<p><span style=\"color: #ffffff;\"><strong>2.\u00aa<\/strong> C714 \/ I27 \/ <strong>Selva Club \u2013 Banana Cooler<\/strong> \/ Puntuaci\u00f3n total: 270.13&nbsp;&nbsp;&nbsp;<\/span><\/p>\n<p><span style=\"color: #ffffff;\"><strong>3.\u00aa<\/strong> C360 \/ I31 \/ <strong>The Plug \u2013 Zhessy<\/strong> \/ Puntuaci\u00f3n total: 270.12<\/span><\/p>\n<p><span style=\"color: #ffffff;\"><strong>4.\u00aa<\/strong> C466 \/ I45 \/ <strong>Stickybuds \u2013 Highribo<\/strong> \/ Puntuaci\u00f3n total: 268.75<\/span><\/p>\n<p><span style=\"color: #ffffff;\"><strong>5.\u00aa<\/strong> C596 \/ I36 \/ <strong>The Coach \u2013 White Rainbow<\/strong> \/ Puntuaci\u00f3n total: 267.23<\/span><\/p>\n<p><span style=\"color: #ffffff;\"><strong>6.\u00aa<\/strong> C573 \/ I20 \/ <strong>Club Majara \u2013 Garde Cannabisco<\/strong> <strong>Runtz<\/strong> \/ Puntuaci\u00f3n total: 267.08&nbsp;&nbsp;&nbsp;&nbsp;&nbsp;&nbsp;&nbsp;&nbsp;&nbsp;&nbsp;&nbsp;<\/span><\/p>\n<p><span style=\"color: #ffffff;\"><strong>7.\u00aa<\/strong> C574 \/ I41 \/ <strong>Altojardin \u2013 Nerdz<\/strong> \/ Puntuaci\u00f3n total: 266.25<\/span><\/p>\n<p><span style=\"color: #ffffff;\"><strong>8.\u00aa<\/strong> C663 \/ I52 \/ <strong>Calisiam \u2013 Azulcar<\/strong> \/ Puntuaci\u00f3n total: 266.14<\/span><\/p>\n<p><span style=\"color: #ffffff;\"><strong>9.\u00aa<\/strong> C492 \/ I40 \/ <strong>Terps Army \u2013 Zerberry 10<\/strong> \/ Puntuaci\u00f3n total: 265.55<\/span><\/p>\n<p><span style=\"color: #ffffff;\"><strong>10.\u00aa<\/strong> C776 \/ I3 \/ <strong>Beanfiendz \u2013 Tamalez<\/strong> \/ Puntuaci\u00f3n total: 264.94<\/span><\/p>\n<h3><span style=\"color: #ffffff;\"><strong>Top 10 de Sativas <\/strong><\/span><\/h3>\n<p><span style=\"color: #ffffff;\"><strong>1.\u00aa<\/strong> B874 \/ S3 \/ <strong>The Hasher Club \u2013 Tropaya Bx<\/strong> \/ Puntuaci\u00f3n total: 279.28<\/span><\/p>\n<p><span style=\"color: #ffffff;\"><strong>2.\u00aa<\/strong> B842 \/ S20 \/ <strong>Gwa Social Club \u2013 Zoz<\/strong> \/ Puntuaci\u00f3n total: 271.86<\/span><\/p>\n<p><span style=\"color: #ffffff;\"><strong>3.\u00aa<\/strong> B399 \/ S12 \/ <strong>Selva Club \u2013 Tea Time 26#<\/strong> \/ Puntiaci\u00f3n total: 271.65<\/span><\/p>\n<p><span style=\"color: #ffffff;\"><strong>4.\u00aa<\/strong> B113 \/ S9 \/ <strong>Growerschoice \u2013 Original Oreoz<\/strong> \/ Puntuaci\u00f3n total: 270.16<\/span><\/p>\n<p><span style=\"color: #ffffff;\"><strong>5.\u00aa<\/strong> B593 \/ S16 \/ <strong>Selva Club \u2013 Mimozz<\/strong> \/ Puntuaci\u00f3n total: 270.01&nbsp;&nbsp;<\/span><\/p>\n<p><span style=\"color: #ffffff;\"><strong>6.\u00aa<\/strong> B154 \/ S11 \/ <strong>Selva Club \u2013 Lemon Curd<\/strong> \/ Puntuaci\u00f3n total: 269.12<\/span><\/p>\n<p><span style=\"color: #ffffff;\"><strong>7.\u00aa<\/strong> B249 \/ S19 \/ <strong>GWA Social Club \u2013 Forbidden Fruit<\/strong> \/ Puntuaci\u00f3n total: 266.18<\/span><\/p>\n<p><span style=\"color: #ffffff;\"><strong>8.\u00aa<\/strong> B294 \/ S10 \/ <strong>Club Majara \u2013 Garde Cannabisco Gelonade<\/strong> \/ Puntuaci\u00f3n total: 264.93<\/span><\/p>\n<p><span style=\"color: #ffffff;\"><strong>9.\u00aa<\/strong> B253 \/ S13 \/ <strong>Selva Club \u2013 Rx11<\/strong> \/ Puntuaci\u00f3n total: 257<\/span><\/p>\n<p><span style=\"color: #ffffff;\"><strong>10.\u00aa<\/strong> B323 \/ S1 \/ <strong>Beanfiendz \u2013 Superboof<\/strong> \/ Puntuaci\u00f3n total: 253.12<\/span><\/p>\n<h3><span style=\"color: #ffffff;\"><strong>Top 10 de CBD<\/strong><\/span><\/h3>\n<p><span style=\"color: #ffffff;\"><strong>1.\u00aa<\/strong> D514 \/ C10 \/ <strong>Gemelli Forte \u2013 Ferrari OG<\/strong> \/ Puntuaci\u00f3n total: 224.3<\/span><\/p>\n<p><span style=\"color: #ffffff;\"><strong>2.\u00aa<\/strong> D342 \/ C19 \/ <strong>Research Development Cannabinoid \u2013 Sweet Pihaze<\/strong> \/ Puntuaci\u00f3n total: 213.13<\/span><\/p>\n<p><span style=\"color: #ffffff;\"><strong>3.\u00aa<\/strong> D996 \/ C12 \/ <strong>Weneed \u2013 Mela Sour<\/strong> \/ Puntuaci\u00f3n total: 204.73<\/span><\/p>\n<p><span style=\"color: #ffffff;\"><strong>4.\u00aa<\/strong> D427 \/ C7 \/ <strong>Stecklingsfarm.ch \u2013 Mango Muffin<\/strong> \/ Puntuaci\u00f3n total: 202.67&nbsp;&nbsp;&nbsp;&nbsp;<\/span><\/p>\n<p><span style=\"color: #ffffff;\"><strong>5.\u00aa<\/strong> D313 \/ C11 \/ <strong>Weneed \u2013 Drizzle<\/strong> \/ Puntuaci\u00f3n total: 201.84<\/span><\/p>\n<p><span style=\"color: #ffffff;\"><strong>6.\u00aa<\/strong> D878 \/ C9 \/ <strong>Gemelli Forte \u2013 Mimosa<\/strong> \/ Puntuaci\u00f3n total: 200.44<\/span><\/p>\n<p><span style=\"color: #ffffff;\"><strong>7.\u00aa<\/strong> D759 \/ C17 \/ <strong>Research Development Cannabinoid \u2013 ZZ Kush<\/strong> \/ Puntuaci\u00f3n total: 198.96<\/span><\/p><p><span style=\"color: rgb(255, 255, 255); background-color: transparent;\">8.<\/span><strong style=\"color: rgb(255, 255, 255); background-color: transparent;\">\u00aa<\/strong><span style=\"color: rgb(255, 255, 255); background-color: transparent;\"> D558 \/ C4 \/ <\/span><strong style=\"color: rgb(255, 255, 255); background-color: transparent;\">La Catalana \u2013 Tangerina<\/strong><span style=\"color: rgb(255, 255, 255); background-color: transparent;\"> \/ Puntuaci\u00f3n total: 198.48<\/span><\/p>\n<p><span style=\"color: #ffffff;\"><strong>9.\u00aa<\/strong> D970\/ C20 \/ <strong>Research Development Cannabinoid \u2013 Best Lavander<\/strong> \/ Puntuaci\u00f3n total: 194.2<\/span><\/p>\n<p><span style=\"color: #ffffff;\"><strong>10.\u00aa<\/strong> D117 \/ C18 \/ <strong>Research Development Cannabinoid \u2013 Pihaze 2.0<\/strong> \/ Puntuaci\u00f3n total: 194.17&nbsp;&nbsp;<\/span><\/p>\n<h3><span style=\"color: #ffffff;\"><strong>Top 10 de Hash<\/strong><\/span><\/h3>\n<p><span style=\"color: #ffffff;\"><strong>1.\u00aa<\/strong> E980 \/ H5 \/ <strong>Zurefarm CSC \u2013 Bananaz<\/strong> \/ Puntuaci\u00f3n total: 291.72<\/span><\/p>\n<p><span style=\"color: #ffffff;\"><strong>2.\u00aa<\/strong> E544 \/ H11 \/ <strong>GWA Social Club \u2013 Rapple X Ozk Blend<\/strong> \/ Puntuaci\u00f3n total: 275.95&nbsp;&nbsp;&nbsp;&nbsp;&nbsp;&nbsp;&nbsp;&nbsp;&nbsp;&nbsp;&nbsp;<\/span><\/p>\n<p><span style=\"color: #ffffff;\"><strong>3.\u00aa<\/strong> E380 \/ H13 \/ <strong>We Flowers \u2013 Peach\u2019N Lime<\/strong> \/ Puntuaci\u00f3n total: 269.88<\/span><\/p>\n<p><span style=\"color: #ffffff;\"><strong>4.\u00aa<\/strong> E116 \/ H4 \/ <strong>Exclusive Seeds Bank \u2013 9 Milimetros X Runtz<\/strong> \/ Puntuaci\u00f3n total: 268.64<\/span><\/p>\n<p><span style=\"color: #ffffff;\"><strong>5.\u00aa<\/strong> E997 \/ H12 \/ <strong>Sud Est Family \u2013 Cherryz<\/strong> \/ Puntuaci\u00f3n total: 268.12&nbsp;&nbsp;&nbsp;&nbsp;&nbsp;&nbsp;&nbsp;<\/span><\/p>\n<p><span style=\"color: #ffffff;\"><strong>6.\u00aa<\/strong> E358 \/ H6 \/ <strong>The Island\u2019s Pharmacy Tnf \u2013 Zorange<\/strong> \/ Puntuaci\u00f3n total: 254.4<\/span><\/p>\n<p><span style=\"color: #ffffff;\"><strong>7.\u00aa<\/strong> E672 \/ H7 \/ <strong>The Island\u2019s Pharmacy Tnf \u2013 Ananas<\/strong> \/ Puntuaci\u00f3n total: 249.45<\/span><\/p>\n<p><span style=\"color: #ffffff;\"><strong>8.\u00aa<\/strong> E543 \/ H9 \/ <strong>Firehousebcn \u2013 Orange Z<\/strong> \/ Puntuaci\u00f3n total: 248.56<\/span><\/p>\n<p><span style=\"color: #ffffff;\"><strong>9.\u00aa<\/strong> E145 \/ H8 \/ <strong>Firehousebcn \u2013 Cranberry Z<\/strong> \/ Puntuaci\u00f3n total: 244.56<\/span><\/p>\n<p><span style=\"color: #ffffff;\"><strong>10.\u00aa<\/strong> E869 \/ H3 \/ <strong>Harmony Extracts \u2013 Purple Tropicanna Cookies<\/strong> \/ Puntuaci\u00f3n total: 235.83<\/span><\/p>\n<h3><span style=\"color: #ffffff;\"><strong>Top 10 de Rosin<\/strong><\/span><\/h3>\n<p><span style=\"color: #ffffff;\"><strong>1.\u00aa<\/strong> F974 \/ R4 \/ <strong>Frosty Hash \u2013 Zkittlez<\/strong> \/ Puntuaci\u00f3n total: 269.79&nbsp;&nbsp;<\/span><\/p>\n<p><span style=\"color: #ffffff;\"><strong>2.\u00aa<\/strong> F979 \/ R13 \/ <strong>Brothers In Farm Growshop \u2013 Z-Lime<\/strong> \/ Puntuaci\u00f3n total: 263.71<\/span><\/p>\n<p><span style=\"color: #ffffff;\"><strong>3.\u00aa<\/strong> F379 \/ R15 \/ <strong>Slite23 \u2013 Grape Gas<\/strong> \/ Puntuaci\u00f3n total: 255.36<\/span><\/p>\n<p><span style=\"color: #ffffff;\"><strong>4.\u00aa<\/strong> F543 \/ R11 \/ <strong>Zurefarm CSC \u2013 Bananaz<\/strong> \/ Puntuaci\u00f3n total: 250.37<\/span><\/p>\n<p><span style=\"color: #ffffff;\"><strong>5.\u00aa<\/strong> F950 \/ R21 \/ <strong>Altojardin \u2013 Raimbow Belts 2.0<\/strong> \/ Puntuaci\u00f3n total: 249.96<\/span><\/p>\n<p><span style=\"color: #ffffff;\"><strong>6.\u00aa<\/strong> F515 \/ R5 \/ <strong>Frosty Hash \u2013 Tallymon<\/strong> \/ Puntuaci\u00f3n total: 244.3&nbsp;<\/span><\/p>\n<p><span style=\"color: #ffffff;\"><strong>7.\u00aa<\/strong> F851 \/ R18 \/ <strong>Firehousebcn \u2013 Cranberry Z<\/strong> \/ Puntuaci\u00f3n total: 240.72<\/span><\/p>\n<p><span style=\"color: #ffffff;\"><strong>8.\u00aa<\/strong> F750 \/ R24 \/ <strong>Green House Seeds \u2013 Allienz<\/strong> \/ Puntuaci\u00f3n total: 238.29<\/span><\/p>\n<p><span style=\"color: #ffffff;\"><strong>9.\u00aa<\/strong> F415 \/ R17 \/ <strong>Team Flavourhunting \u2013 Zkittlez<\/strong> \/ Puntuaci\u00f3n total: 236.91<\/span><\/p>\n<p><span style=\"color: #ffffff;\"><strong>10.\u00aa<\/strong> F313 \/ R22 \/ <strong>Badalona Organic Club \u2013 Tropaya F2 by Kooki Monster<\/strong> \/ Puntuaci\u00f3n total: 236.64<\/span><\/p>\t\t\t\t\t\t\t\t<\/div>\n\t\t\t\t<\/div>\n\t\t\t\t\t<\/div>\n\t\t<\/div>\n\t\t\t\t\t<\/div>\n\t\t<\/section>\n\t\t\t\t<section class=\"elementor-section elementor-top-section elementor-element elementor-element-7211ed46 elementor-section-boxed elementor-section-height-default elementor-section-height-default\" data-id=\"7211ed46\" data-element_type=\"section\" data-e-type=\"section\" data-settings=\"{&quot;background_background&quot;:&quot;classic&quot;}\">\n\t\t\t\t\t\t\t<div class=\"elementor-background-overlay\"><\/div>\n\t\t\t\t\t\t\t<div class=\"elementor-container elementor-column-gap-default\">\n\t\t\t\t\t<div class=\"elementor-column elementor-col-100 elementor-top-column elementor-element elementor-element-5610d56d\" data-id=\"5610d56d\" data-element_type=\"column\" data-e-type=\"column\">\n\t\t\t<div class=\"elementor-widget-wrap elementor-element-populated\">\n\t\t\t\t\t\t<div class=\"elementor-element elementor-element-32c5d23e elementor-widget elementor-widget-elementskit-heading\" data-id=\"32c5d23e\" data-element_type=\"widget\" data-e-type=\"widget\" data-widget_type=\"elementskit-heading.default\">\n\t\t\t\t<div class=\"elementor-widget-container\">\n\t\t\t\t\t<div class=\"ekit-wid-con\" ><div class=\"ekit-heading elementskit-section-title-wraper text_center   ekit_heading_tablet-   ekit_heading_mobile-\"><h2 class=\"ekit-heading--title elementskit-section-title \">Quieres ser <span><span>Sponsor<\/span><\/span> <\/h2><\/div><\/div>\t\t\t\t<\/div>\n\t\t\t\t<\/div>\n\t\t\t\t<div class=\"elementor-element elementor-element-3d5e8975 elementor-widget elementor-widget-elementskit-heading\" data-id=\"3d5e8975\" data-element_type=\"widget\" data-e-type=\"widget\" data-widget_type=\"elementskit-heading.default\">\n\t\t\t\t<div class=\"elementor-widget-container\">\n\t\t\t\t\t<div class=\"ekit-wid-con\" ><div class=\"ekit-heading elementskit-section-title-wraper text_center   ekit_heading_tablet-   ekit_heading_mobile-\"><h2 class=\"ekit-heading--title elementskit-section-title \">\u00bf<span><span>Quieres<\/span><\/span> ser <span><span>parte<\/span><\/span> de la Copa?<\/h2><\/div><\/div>\t\t\t\t<\/div>\n\t\t\t\t<\/div>\n\t\t\t\t<div class=\"elementor-element elementor-element-3d2a111d elementor-widget elementor-widget-text-editor\" data-id=\"3d2a111d\" data-element_type=\"widget\" data-e-type=\"widget\" data-widget_type=\"text-editor.default\">\n\t\t\t\t<div class=\"elementor-widget-container\">\n\t\t\t\t\t\t\t\t\t<p>\u00bfQuieres convertirte en\u00a0<strong>patrocinador<\/strong>\u00a0de una de las\u00a0<strong>copas cann\u00e1bicas m\u00e1s prestigiosas<\/strong>\u00a0de Europa? Puedes elegir entre estas tres modalidades:\u00a0<strong>MAIN<\/strong>,\u00a0<strong>GOLD<\/strong>\u00a0y\u00a0<strong>SILVER.<\/strong><\/p>\t\t\t\t\t\t\t\t<\/div>\n\t\t\t\t<\/div>\n\t\t\t\t<div class=\"elementor-element elementor-element-62504a13 elementor-align-center elementor-widget elementor-widget-button\" data-id=\"62504a13\" data-element_type=\"widget\" data-e-type=\"widget\" data-widget_type=\"button.default\">\n\t\t\t\t<div class=\"elementor-widget-container\">\n\t\t\t\t\t\t\t\t\t<div class=\"elementor-button-wrapper\">\n\t\t\t\t\t<a class=\"elementor-button elementor-button-link elementor-size-sm\" href=\"https:\/\/cannabischampionscup.com\/scc\/sponsors\/\">\n\t\t\t\t\t\t<span class=\"elementor-button-content-wrapper\">\n\t\t\t\t\t\t\t\t\t<span class=\"elementor-button-text\">Contratar<\/span>\n\t\t\t\t\t<\/span>\n\t\t\t\t\t<\/a>\n\t\t\t\t<\/div>\n\t\t\t\t\t\t\t\t<\/div>\n\t\t\t\t<\/div>\n\t\t\t\t\t<\/div>\n\t\t<\/div>\n\t\t\t\t\t<\/div>\n\t\t<\/section>\n\t\t\t\t<\/div>\n\t\t","protected":false},"excerpt":{"rendered":"<p>TOP 10 SCC 2024 Descubriendo a los ganadores: un vistazo a las mejores variedades de cannabis del mundo presentadas en la Spannabis Champions Cup 2024 En primer lugar, queremos dar las gracias a sponsors y a participantes por hacer esta edici\u00f3n posible. Tambi\u00e9n queremos agradecer a los jueces su labor. Cada participante recibir\u00e1 las puntuaciones [&hellip;]<\/p>\n","protected":false},"author":1,"featured_media":0,"parent":0,"menu_order":0,"comment_status":"closed","ping_status":"closed","template":"","meta":{"ngg_post_thumbnail":0,"footnotes":""},"class_list":["post-5853","page","type-page","status-publish","hentry"],"_links":{"self":[{"href":"https:\/\/cannabischampionscup.com\/scc\/wp-json\/wp\/v2\/pages\/5853","targetHints":{"allow":["GET"]}}],"collection":[{"href":"https:\/\/cannabischampionscup.com\/scc\/wp-json\/wp\/v2\/pages"}],"about":[{"href":"https:\/\/cannabischampionscup.com\/scc\/wp-json\/wp\/v2\/types\/page"}],"author":[{"embeddable":true,"href":"https:\/\/cannabischampionscup.com\/scc\/wp-json\/wp\/v2\/users\/1"}],"replies":[{"embeddable":true,"href":"https:\/\/cannabischampionscup.com\/scc\/wp-json\/wp\/v2\/comments?post=5853"}],"version-history":[{"count":10,"href":"https:\/\/cannabischampionscup.com\/scc\/wp-json\/wp\/v2\/pages\/5853\/revisions"}],"predecessor-version":[{"id":6028,"href":"https:\/\/cannabischampionscup.com\/scc\/wp-json\/wp\/v2\/pages\/5853\/revisions\/6028"}],"wp:attachment":[{"href":"https:\/\/cannabischampionscup.com\/scc\/wp-json\/wp\/v2\/media?parent=5853"}],"curies":[{"name":"wp","href":"https:\/\/api.w.org\/{rel}","templated":true}]}}