{"id":4063,"date":"2022-03-16T16:23:22","date_gmt":"2022-03-16T15:23:22","guid":{"rendered":"https:\/\/cannabischampionscup.com\/scc\/?page_id=4063"},"modified":"2023-10-09T12:19:24","modified_gmt":"2023-10-09T10:19:24","slug":"resultados-2022","status":"publish","type":"page","link":"https:\/\/cannabischampionscup.com\/scc\/resultados-2022\/","title":{"rendered":"Resultados 2022 BCN"},"content":{"rendered":"\t\t<div data-elementor-type=\"wp-page\" data-elementor-id=\"4063\" class=\"elementor elementor-4063\" data-elementor-post-type=\"page\">\n\t\t\t\t\t\t<section class=\"elementor-section elementor-top-section elementor-element elementor-element-553ed8d elementor-section-boxed elementor-section-height-default elementor-section-height-default\" data-id=\"553ed8d\" data-element_type=\"section\" data-e-type=\"section\" data-settings=\"{&quot;background_background&quot;:&quot;classic&quot;}\">\n\t\t\t\t\t\t\t<div class=\"elementor-background-overlay\"><\/div>\n\t\t\t\t\t\t\t<div class=\"elementor-container elementor-column-gap-default\">\n\t\t\t\t\t<div class=\"elementor-column elementor-col-100 elementor-top-column elementor-element elementor-element-4ae78fcf\" data-id=\"4ae78fcf\" data-element_type=\"column\" data-e-type=\"column\">\n\t\t\t<div class=\"elementor-widget-wrap elementor-element-populated\">\n\t\t\t\t\t\t<div class=\"elementor-element elementor-element-103ec683 elementor-widget elementor-widget-heading\" data-id=\"103ec683\" data-element_type=\"widget\" data-e-type=\"widget\" data-widget_type=\"heading.default\">\n\t\t\t\t<div class=\"elementor-widget-container\">\n\t\t\t\t\t<h1 class=\"elementor-heading-title elementor-size-xxl\">GANADORES 2022<\/h1>\t\t\t\t<\/div>\n\t\t\t\t<\/div>\n\t\t\t\t\t<\/div>\n\t\t<\/div>\n\t\t\t\t\t<\/div>\n\t\t<\/section>\n\t\t\t\t<section class=\"elementor-section elementor-top-section elementor-element elementor-element-71156c2f elementor-section-boxed elementor-section-height-default elementor-section-height-default\" data-id=\"71156c2f\" data-element_type=\"section\" data-e-type=\"section\" data-settings=\"{&quot;background_background&quot;:&quot;classic&quot;}\">\n\t\t\t\t\t\t\t<div class=\"elementor-background-overlay\"><\/div>\n\t\t\t\t\t\t\t<div class=\"elementor-container elementor-column-gap-default\">\n\t\t\t\t\t<div class=\"elementor-column elementor-col-100 elementor-top-column elementor-element elementor-element-226ae41a\" data-id=\"226ae41a\" data-element_type=\"column\" data-e-type=\"column\">\n\t\t\t<div class=\"elementor-widget-wrap elementor-element-populated\">\n\t\t\t\t\t\t<div class=\"elementor-element elementor-element-304a09b5 elementor-widget elementor-widget-text-editor\" data-id=\"304a09b5\" data-element_type=\"widget\" data-e-type=\"widget\" data-widget_type=\"text-editor.default\">\n\t\t\t\t<div class=\"elementor-widget-container\">\n\t\t\t\t\t\t\t\t\t<p><\/p>\n<p><span style=\"color: #ffffff;\">Desde la organizaci\u00f3n de la Spannabis Champions Cup queremos dar las gracias a todos los participantes y patrocinadores por hacer posible esta copa ben\u00e9fica. Tambi\u00e9n queremos agradecer a Ananda Lab el extraordinario trabajo que ha llevado a cabo.<\/span><\/p>\n<p><span style=\"color: #ffffff;\">Todos los participantes que quer\u00e1is consultar las valoraciones recibidas por los jueces, as\u00ed como los an\u00e1lisis de vuestras variedades, por favor, escribidnos a: <a style=\"color: #ffffff;\" href=\"mailto:info@cannabischampionscup.com\">info@cannabischampionscup.com<\/a>. Los resultados se publicar\u00e1n en <a style=\"color: #ffffff;\" href=\"https:\/\/www.cannabismagazine.net\/\" rel=\"dofollow\">Cannabis Magazine<\/a>.<\/span><\/p>\n<h2><span style=\"color: #ffffff;\"><img decoding=\"async\" class=\" size-full wp-image-35\" src=\"https:\/\/cannabischampionscup.com\/scc\/wp-content\/uploads\/2011\/05\/lateraltransparaente.png\" width=\"1\" height=\"1\" border=\"0\" srcset=\"https:\/\/cannabischampionscup.com\/scc\/wp-content\/uploads\/2011\/05\/lateraltransparaente.png 261w, https:\/\/cannabischampionscup.com\/scc\/wp-content\/uploads\/2011\/05\/lateraltransparaente-150x150.png 150w\" sizes=\"(max-width: 1px) 100vw, 1px\" \/><a style=\"color: #ffffff;\" href=\"https:\/\/cannabischampionscup.com\/scc\/wp-content\/uploads\/2016\/06\/logo_new.png\"><img decoding=\"async\" class=\"alignright wp-image-1842 \" src=\"https:\/\/cannabischampionscup.com\/scc\/wp-content\/uploads\/2016\/06\/logo_new.png\" alt=\"\" width=\"200\" height=\"231\" \/><\/a>GANADORES 2022<\/span><\/h2>\n<h3><span style=\"color: #ffffff;\">Categor\u00eda CBD<\/span><\/h3>\n<p><span style=\"color: #ffffff;\"><b>1.\u00ba<\/b> PREMIO Y CHEQUE: <b>F-Cube <\/b>de <b>Forte Weed<\/b><\/span><\/p>\n<p><span style=\"color: #ffffff;\"><b>2.\u00ba<\/b> PREMIO: <b>Vendetta <\/b>de <b>CBD Botanic<\/b><\/span><\/p>\n<p><span style=\"color: #ffffff;\"><b>3.\u00ba<\/b> PREMIO: <b>Charlottes Dream <\/b>de <b>Growerschoice<\/b><\/span><\/p>\n<h3><span style=\"color: #ffffff;\">Categor\u00eda \u00cdndica<\/span><\/h3>\n<p><span style=\"color: #ffffff;\"><b>1.\u00ba<\/b> PREMIO Y CHEQUE: <b>La Bomba <\/b>de <b>Herbalize Tenerife<\/b><\/span><\/p>\n<p><span style=\"color: #ffffff;\"><b>2.\u00ba<\/b> PREMIO: <b>Kamara 8 <\/b>de <b>Endocanna Club Manresa<\/b><\/span><\/p>\n<p><span style=\"color: #ffffff;\"><b>3.\u00ba<\/b> PREMIO: <b>Kings Juice <\/b>de <b>Green House Seeds<\/b><\/span><\/p>\n<h3><span style=\"color: #ffffff;\">Categor\u00eda Sativa<\/span><\/h3>\n<p><span style=\"color: #ffffff;\"><b>1.\u00ba<\/b> PREMIO Y CHEQUE: <b>Issak Newton <\/b>de <b>Hidden Group<\/b><\/span><\/p>\n<p><span style=\"color: #ffffff;\"><b>2.\u00ba<\/b> PREMIO: <b>Bazkittlez <\/b>de <b>Bask Triangle Farms<\/b><\/span><\/p>\n<p><span style=\"color: #ffffff;\"><b>3.\u00ba<\/b> PREMIO: <b>Chocolate Wafflez<\/b> de <b>Paradise Seeds<\/b><\/span><\/p>\n<h3><span style=\"color: #ffffff;\">Rosin:<\/span><\/h3>\n<p><span style=\"color: #ffffff;\"><b>1.\u00ba<\/b> PREMIO Y CHEQUE:\u00a0 <b>Banana Sherbert<\/b> de <b>Cannabis Zurefarm CSC<\/b><\/span><\/p>\n<p><span style=\"color: #ffffff;\"><b>2.\u00ba<\/b> PREMIO: <b>Zmoothie<\/b> de <b>GWA Social Club<\/b><\/span><\/p>\n<p><span style=\"color: #ffffff;\"><b>3.\u00ba<\/b> PREMIO: <b>Limez <\/b>de <b>Weflowers<\/b><\/span><\/p>\n<h3><span style=\"color: #ffffff;\">Hash:<\/span><\/h3>\n<p><span style=\"color: #ffffff;\"><b>1.\u00ba<\/b> PREMIO Y CHEQUE: <b>Banana Sherbet<\/b> de <b>Cannabis Zurefarm CSC<\/b><\/span><\/p>\n<p><span style=\"color: #ffffff;\"><b>2.\u00ba<\/b> PREMIO: <b>G.O.S<\/b> de <b>R-kiem Seeds<\/b><\/span><\/p>\n<p><span style=\"color: #ffffff;\"><b>3.\u00ba<\/b> PREMIO: <b>Sunset Sherbert 90U <\/b>de <b>Solventless Affair<\/b><\/span><\/p>\n<h3><span style=\"color: #ffffff;\">Categor\u00eda extracciones con solvente<\/span><\/h3>\n<p><span style=\"color: #ffffff;\"><b>1.\u00ba<\/b> PREMIO Y CHEQUE:<b> Rainbow Mintz<\/b> de <b>The Backyard<\/b><\/span><\/p>\n<p><span style=\"color: #ffffff;\"><b>2.\u00ba<\/b> PREMIO: <b>Pi\u00f1ata <\/b>de <b>The Backyard<\/b><\/span><\/p>\n<p><span style=\"color: #ffffff;\"><b>3.\u00ba<\/b> PREMIO: <b>Cherrytini<\/b> de <b>Perfect Tree<\/b><\/span><\/p>\n<h3><span style=\"color: #ffffff;\"><strong>Premios especiales<\/strong> del laboratorio Ananda Lab:<\/span><\/h3>\n<p><span style=\"color: #ffffff;\"><b>Muestra vegetal con m\u00e1s CBD: <\/b>Madd Verox OG de El Club Verde<\/span><\/p>\n<p><span style=\"color: #ffffff;\"><b>Muestra vegetal con m\u00e1s THC: <\/b>El Xupet Negre de R-kiem Seeds<\/span><\/p>\n<p>\u00a0<\/p>\n<p>\u00a0<\/p>\n<p><span style=\"color: #ffffff;\"><\/span><\/p>\t\t\t\t\t\t\t\t<\/div>\n\t\t\t\t<\/div>\n\t\t\t\t\t<\/div>\n\t\t<\/div>\n\t\t\t\t\t<\/div>\n\t\t<\/section>\n\t\t\t\t<section class=\"elementor-section elementor-top-section elementor-element elementor-element-15eb36ab elementor-section-boxed elementor-section-height-default elementor-section-height-default\" data-id=\"15eb36ab\" data-element_type=\"section\" data-e-type=\"section\" data-settings=\"{&quot;background_background&quot;:&quot;classic&quot;}\">\n\t\t\t\t\t\t\t<div class=\"elementor-background-overlay\"><\/div>\n\t\t\t\t\t\t\t<div class=\"elementor-container elementor-column-gap-default\">\n\t\t\t\t\t<div class=\"elementor-column elementor-col-100 elementor-top-column elementor-element elementor-element-2c4c1972\" data-id=\"2c4c1972\" data-element_type=\"column\" data-e-type=\"column\">\n\t\t\t<div class=\"elementor-widget-wrap elementor-element-populated\">\n\t\t\t\t\t\t<div class=\"elementor-element elementor-element-25cdd062 elementor-widget elementor-widget-elementskit-heading\" data-id=\"25cdd062\" data-element_type=\"widget\" data-e-type=\"widget\" data-widget_type=\"elementskit-heading.default\">\n\t\t\t\t<div class=\"elementor-widget-container\">\n\t\t\t\t\t<div class=\"ekit-wid-con\" ><div class=\"ekit-heading elementskit-section-title-wraper text_center   ekit_heading_tablet-   ekit_heading_mobile-\"><h2 class=\"ekit-heading--title elementskit-section-title \">Quieres ser <span><span>Sponsor<\/span><\/span> <\/h2><\/div><\/div>\t\t\t\t<\/div>\n\t\t\t\t<\/div>\n\t\t\t\t<div class=\"elementor-element elementor-element-16bc6b95 elementor-widget elementor-widget-elementskit-heading\" data-id=\"16bc6b95\" data-element_type=\"widget\" data-e-type=\"widget\" data-widget_type=\"elementskit-heading.default\">\n\t\t\t\t<div class=\"elementor-widget-container\">\n\t\t\t\t\t<div class=\"ekit-wid-con\" ><div class=\"ekit-heading elementskit-section-title-wraper text_center   ekit_heading_tablet-   ekit_heading_mobile-\"><h2 class=\"ekit-heading--title elementskit-section-title \">\u00bf<span><span>Quieres<\/span><\/span> ser <span><span>parte<\/span><\/span> de la Copa?<\/h2><\/div><\/div>\t\t\t\t<\/div>\n\t\t\t\t<\/div>\n\t\t\t\t<div class=\"elementor-element elementor-element-6950aef9 elementor-widget elementor-widget-text-editor\" data-id=\"6950aef9\" data-element_type=\"widget\" data-e-type=\"widget\" data-widget_type=\"text-editor.default\">\n\t\t\t\t<div class=\"elementor-widget-container\">\n\t\t\t\t\t\t\t\t\t<p>\u00bfQuieres convertirte en\u00a0<strong>patrocinador<\/strong>\u00a0de una de las\u00a0<strong>copas cann\u00e1bicas m\u00e1s prestigiosas<\/strong>\u00a0de Europa? Puedes elegir entre estas tres modalidades:\u00a0<strong>MAIN<\/strong>,\u00a0<strong>GOLD<\/strong>\u00a0y\u00a0<strong>SILVER.<\/strong><\/p>\t\t\t\t\t\t\t\t<\/div>\n\t\t\t\t<\/div>\n\t\t\t\t<div class=\"elementor-element elementor-element-48cdc66d elementor-align-center elementor-widget elementor-widget-button\" data-id=\"48cdc66d\" data-element_type=\"widget\" data-e-type=\"widget\" data-widget_type=\"button.default\">\n\t\t\t\t<div class=\"elementor-widget-container\">\n\t\t\t\t\t\t\t\t\t<div class=\"elementor-button-wrapper\">\n\t\t\t\t\t<a class=\"elementor-button elementor-button-link elementor-size-sm\" href=\"https:\/\/cannabischampionscup.com\/scc\/sponsors\/\">\n\t\t\t\t\t\t<span class=\"elementor-button-content-wrapper\">\n\t\t\t\t\t\t\t\t\t<span class=\"elementor-button-text\">Contratar<\/span>\n\t\t\t\t\t<\/span>\n\t\t\t\t\t<\/a>\n\t\t\t\t<\/div>\n\t\t\t\t\t\t\t\t<\/div>\n\t\t\t\t<\/div>\n\t\t\t\t\t<\/div>\n\t\t<\/div>\n\t\t\t\t\t<\/div>\n\t\t<\/section>\n\t\t\t\t<\/div>\n\t\t","protected":false},"excerpt":{"rendered":"<p>GANADORES 2022 Desde la organizaci\u00f3n de la Spannabis Champions Cup queremos dar las gracias a todos los participantes y patrocinadores por hacer posible esta copa ben\u00e9fica. Tambi\u00e9n queremos agradecer a Ananda Lab el extraordinario trabajo que ha llevado a cabo. Todos los participantes que quer\u00e1is consultar las valoraciones recibidas por los jueces, as\u00ed como los [&hellip;]<\/p>\n","protected":false},"author":1,"featured_media":0,"parent":0,"menu_order":0,"comment_status":"closed","ping_status":"closed","template":"","meta":{"ngg_post_thumbnail":0,"footnotes":""},"class_list":["post-4063","page","type-page","status-publish","hentry"],"_links":{"self":[{"href":"https:\/\/cannabischampionscup.com\/scc\/wp-json\/wp\/v2\/pages\/4063","targetHints":{"allow":["GET"]}}],"collection":[{"href":"https:\/\/cannabischampionscup.com\/scc\/wp-json\/wp\/v2\/pages"}],"about":[{"href":"https:\/\/cannabischampionscup.com\/scc\/wp-json\/wp\/v2\/types\/page"}],"author":[{"embeddable":true,"href":"https:\/\/cannabischampionscup.com\/scc\/wp-json\/wp\/v2\/users\/1"}],"replies":[{"embeddable":true,"href":"https:\/\/cannabischampionscup.com\/scc\/wp-json\/wp\/v2\/comments?post=4063"}],"version-history":[{"count":14,"href":"https:\/\/cannabischampionscup.com\/scc\/wp-json\/wp\/v2\/pages\/4063\/revisions"}],"predecessor-version":[{"id":5634,"href":"https:\/\/cannabischampionscup.com\/scc\/wp-json\/wp\/v2\/pages\/4063\/revisions\/5634"}],"wp:attachment":[{"href":"https:\/\/cannabischampionscup.com\/scc\/wp-json\/wp\/v2\/media?parent=4063"}],"curies":[{"name":"wp","href":"https:\/\/api.w.org\/{rel}","templated":true}]}}