{"id":3381,"date":"2019-03-20T12:05:27","date_gmt":"2019-03-20T11:05:27","guid":{"rendered":"https:\/\/cannabischampionscup.com\/scc\/?page_id=3381"},"modified":"2023-05-05T11:39:23","modified_gmt":"2023-05-05T09:39:23","slug":"resultados-2019-bcn","status":"publish","type":"page","link":"https:\/\/cannabischampionscup.com\/scc\/resultados-2019-bcn\/","title":{"rendered":"Resultados 2019 BCN"},"content":{"rendered":"\t\t<div data-elementor-type=\"wp-page\" data-elementor-id=\"3381\" class=\"elementor elementor-3381\" data-elementor-post-type=\"page\">\n\t\t\t\t\t\t<section class=\"elementor-section elementor-top-section elementor-element elementor-element-7da9a3e2 elementor-section-boxed elementor-section-height-default elementor-section-height-default\" data-id=\"7da9a3e2\" data-element_type=\"section\" data-e-type=\"section\" data-settings=\"{&quot;background_background&quot;:&quot;classic&quot;}\">\n\t\t\t\t\t\t\t<div class=\"elementor-background-overlay\"><\/div>\n\t\t\t\t\t\t\t<div class=\"elementor-container elementor-column-gap-default\">\n\t\t\t\t\t<div class=\"elementor-column elementor-col-100 elementor-top-column elementor-element elementor-element-6066828f\" data-id=\"6066828f\" data-element_type=\"column\" data-e-type=\"column\">\n\t\t\t<div class=\"elementor-widget-wrap elementor-element-populated\">\n\t\t\t\t\t\t<div class=\"elementor-element elementor-element-29593ae3 elementor-widget elementor-widget-heading\" data-id=\"29593ae3\" data-element_type=\"widget\" data-e-type=\"widget\" data-widget_type=\"heading.default\">\n\t\t\t\t<div class=\"elementor-widget-container\">\n\t\t\t\t\t<h1 class=\"elementor-heading-title elementor-size-xxl\">GANADORES 2019<\/h1>\t\t\t\t<\/div>\n\t\t\t\t<\/div>\n\t\t\t\t\t<\/div>\n\t\t<\/div>\n\t\t\t\t\t<\/div>\n\t\t<\/section>\n\t\t\t\t<section class=\"elementor-section elementor-top-section elementor-element elementor-element-95fd780 elementor-section-boxed elementor-section-height-default elementor-section-height-default\" data-id=\"95fd780\" data-element_type=\"section\" data-e-type=\"section\" data-settings=\"{&quot;background_background&quot;:&quot;classic&quot;}\">\n\t\t\t\t\t\t\t<div class=\"elementor-background-overlay\"><\/div>\n\t\t\t\t\t\t\t<div class=\"elementor-container elementor-column-gap-default\">\n\t\t\t\t\t<div class=\"elementor-column elementor-col-100 elementor-top-column elementor-element elementor-element-7b941d1b\" data-id=\"7b941d1b\" data-element_type=\"column\" data-e-type=\"column\">\n\t\t\t<div class=\"elementor-widget-wrap elementor-element-populated\">\n\t\t\t\t\t\t<div class=\"elementor-element elementor-element-5e158e21 elementor-widget elementor-widget-text-editor\" data-id=\"5e158e21\" data-element_type=\"widget\" data-e-type=\"widget\" data-widget_type=\"text-editor.default\">\n\t\t\t\t<div class=\"elementor-widget-container\">\n\t\t\t\t\t\t\t\t\t<p><span style=\"color: #ffffff;\">Desde la organizaci\u00f3n de la Spannabis Champions Cup queremos dar las gracias a todos los participantes y patrocinadores por hacer posible esta copa ben\u00e9fica. Tambi\u00e9n queremos agradecer a Ananda Lab el extraordinario trabajo que ha llevado a cabo.<\/span><\/p><p><span style=\"color: #ffffff;\">Todos los participantes que quer\u00e1is consultar las valoraciones recibidas por los jueces, as\u00ed como los an\u00e1lisis de vuestras variedades, por favor, escribidnos a: <a style=\"color: #ffffff;\" href=\"mailto:info@cannabischampionscup.com\">info@cannabischampionscup.com<\/a>.<\/span><\/p><h2><span style=\"color: #ffffff;\"><img decoding=\"async\" class=\" size-full wp-image-35\" src=\"https:\/\/cannabischampionscup.com\/scc\/wp-content\/uploads\/2011\/05\/lateraltransparaente.png\" width=\"1\" height=\"1\" border=\"0\" srcset=\"https:\/\/cannabischampionscup.com\/scc\/wp-content\/uploads\/2011\/05\/lateraltransparaente.png 261w, https:\/\/cannabischampionscup.com\/scc\/wp-content\/uploads\/2011\/05\/lateraltransparaente-150x150.png 150w\" sizes=\"(max-width: 1px) 100vw, 1px\" \/><a style=\"color: #ffffff;\" href=\"https:\/\/cannabischampionscup.com\/scc\/wp-content\/uploads\/2016\/06\/logo_new.png\"><img decoding=\"async\" class=\"alignright wp-image-1842 \" src=\"https:\/\/cannabischampionscup.com\/scc\/wp-content\/uploads\/2016\/06\/logo_new.png\" alt=\"\" width=\"200\" height=\"231\" \/><\/a>GANADORES 2019<\/span><\/h2><h3><span style=\"color: #ffffff;\">Categor\u00eda CBD<\/span><\/h3><p><span style=\"color: #ffffff;\">1.\u00ba PREMIO Y CHEQUE (2.500 \u20ac): PiHaze de Research Development Cannabinoid<\/span><\/p><p><span style=\"color: #ffffff;\">2.\u00ba PREMIO: Independent de Research Development Cannabinoid<\/span><\/p><p><span style=\"color: #ffffff;\">3.\u00ba PREMIO: PiHaze 2.0 de R-Kiem Seeds<\/span><\/p><h3><span style=\"color: #ffffff;\">Categor\u00eda \u00cdndica<\/span><\/h3><p><span style=\"color: #ffffff;\">1.\u00ba PREMIO Y CHEQUE: Blue Lime Pie de Soil With Attitude<\/span><\/p><p><span style=\"color: #ffffff;\">2.\u00ba PREMIO: Gelato #6 Spanish Grown de Terps Army<\/span><\/p><p><span style=\"color: #ffffff;\">3.\u00ba PREMIO: Lemon Punch de The Plug Store<\/span><\/p><h3><span style=\"color: #ffffff;\">Categor\u00eda Sativa<\/span><\/h3><p><span style=\"color: #ffffff;\">1.\u00ba PREMIO Y CHEQUE: Forbidden Fruit de Soil With Attitude<\/span><\/p><p><span style=\"color: #ffffff;\">2.\u00ba PREMIO: La Amnesia de Paradise Seeds<\/span><\/p><p><span style=\"color: #ffffff;\">3.\u00ba PREMIO: Lemonade de Soil With Attitude<\/span><\/p><h3><span style=\"color: #ffffff;\">Categor\u00eda extracciones sin solvente<\/span><\/h3><p><span style=\"color: #ffffff;\">1.\u00ba PREMIO Y CHEQUE: Hash Rosin Sunset Sherbert de HQ<\/span><\/p><p><span style=\"color: #ffffff;\">2.\u00ba PREMIO: Barbara Bud de House of The Great Gardener<\/span><\/p><p><span style=\"color: #ffffff;\">3.\u00ba PREMIO: Ren\u00e9 de House of The Great Gardener<\/span><\/p><h3><span style=\"color: #ffffff;\">Categor\u00eda extracciones con solvente<\/span><\/h3><p><span style=\"color: #ffffff;\">1.\u00ba PREMIO Y CHEQUE: \u00a0Banana Split de The Backyard<\/span><\/p><p><span style=\"color: #ffffff;\">2.\u00ba PREMIO: Papaya OG de Enzo Labs<\/span><\/p><p><span style=\"color: #ffffff;\">3.\u00ba PREMIO: Phantom OG de Harmony Extracts<\/span><\/p><h4>\u00a0<\/h4><h4><span style=\"color: #ffffff;\"><strong>Premios especiales<\/strong> del laboratorio Ananda Lab:<\/span><\/h4><p><span style=\"color: #ffffff;\"><strong>Muestra vegetal con m\u00e1s contenido en CBD:\u00a0<\/strong>Master Hemp de Medical Marijuana Genetics<\/span><\/p><p><span style=\"color: #ffffff;\"><strong>Muestra vegetal con m\u00e1s contenido en THC:\u00a0<\/strong>Sublimator de R-Kiem Seeds<\/span><\/p><p><span style=\"color: #ffffff;\"><strong>Muestra mejor purgada de BHO:\u00a0<\/strong>PiHaze de CBD Botanic<\/span><\/p><p>\u00a0<\/p>\t\t\t\t\t\t\t\t<\/div>\n\t\t\t\t<\/div>\n\t\t\t\t\t<\/div>\n\t\t<\/div>\n\t\t\t\t\t<\/div>\n\t\t<\/section>\n\t\t\t\t<section class=\"elementor-section elementor-top-section elementor-element elementor-element-4004ed7f elementor-section-boxed elementor-section-height-default elementor-section-height-default\" data-id=\"4004ed7f\" data-element_type=\"section\" data-e-type=\"section\" data-settings=\"{&quot;background_background&quot;:&quot;classic&quot;}\">\n\t\t\t\t\t\t\t<div class=\"elementor-background-overlay\"><\/div>\n\t\t\t\t\t\t\t<div class=\"elementor-container elementor-column-gap-default\">\n\t\t\t\t\t<div class=\"elementor-column elementor-col-100 elementor-top-column elementor-element elementor-element-64b7325\" data-id=\"64b7325\" data-element_type=\"column\" data-e-type=\"column\">\n\t\t\t<div class=\"elementor-widget-wrap elementor-element-populated\">\n\t\t\t\t\t\t<div class=\"elementor-element elementor-element-124cec47 elementor-widget elementor-widget-elementskit-heading\" data-id=\"124cec47\" data-element_type=\"widget\" data-e-type=\"widget\" data-widget_type=\"elementskit-heading.default\">\n\t\t\t\t<div class=\"elementor-widget-container\">\n\t\t\t\t\t<div class=\"ekit-wid-con\" ><div class=\"ekit-heading elementskit-section-title-wraper text_center   ekit_heading_tablet-   ekit_heading_mobile-\"><h2 class=\"ekit-heading--title elementskit-section-title \">Quieres ser <span><span>Sponsor<\/span><\/span> <\/h2><\/div><\/div>\t\t\t\t<\/div>\n\t\t\t\t<\/div>\n\t\t\t\t<div class=\"elementor-element elementor-element-158f2a69 elementor-widget elementor-widget-elementskit-heading\" data-id=\"158f2a69\" data-element_type=\"widget\" data-e-type=\"widget\" data-widget_type=\"elementskit-heading.default\">\n\t\t\t\t<div class=\"elementor-widget-container\">\n\t\t\t\t\t<div class=\"ekit-wid-con\" ><div class=\"ekit-heading elementskit-section-title-wraper text_center   ekit_heading_tablet-   ekit_heading_mobile-\"><h2 class=\"ekit-heading--title elementskit-section-title \">\u00bf<span><span>Quieres<\/span><\/span> ser <span><span>parte<\/span><\/span> de la Copa?<\/h2><\/div><\/div>\t\t\t\t<\/div>\n\t\t\t\t<\/div>\n\t\t\t\t<div class=\"elementor-element elementor-element-59e3bcd elementor-widget elementor-widget-text-editor\" data-id=\"59e3bcd\" data-element_type=\"widget\" data-e-type=\"widget\" data-widget_type=\"text-editor.default\">\n\t\t\t\t<div class=\"elementor-widget-container\">\n\t\t\t\t\t\t\t\t\t<p>\u00bfQuieres convertirte en\u00a0<strong>patrocinador<\/strong>\u00a0de una de las\u00a0<strong>copas cann\u00e1bicas m\u00e1s prestigiosas<\/strong>\u00a0de Europa? Puedes elegir entre estas tres modalidades:\u00a0<strong>MAIN<\/strong>,\u00a0<strong>GOLD<\/strong>\u00a0y\u00a0<strong>SILVER.<\/strong><\/p>\t\t\t\t\t\t\t\t<\/div>\n\t\t\t\t<\/div>\n\t\t\t\t<div class=\"elementor-element elementor-element-1b1a98f7 elementor-align-center elementor-widget elementor-widget-button\" data-id=\"1b1a98f7\" data-element_type=\"widget\" data-e-type=\"widget\" data-widget_type=\"button.default\">\n\t\t\t\t<div class=\"elementor-widget-container\">\n\t\t\t\t\t\t\t\t\t<div class=\"elementor-button-wrapper\">\n\t\t\t\t\t<a class=\"elementor-button elementor-button-link elementor-size-sm\" href=\"https:\/\/cannabischampionscup.com\/scc\/sponsors\/\">\n\t\t\t\t\t\t<span class=\"elementor-button-content-wrapper\">\n\t\t\t\t\t\t\t\t\t<span class=\"elementor-button-text\">Contratar<\/span>\n\t\t\t\t\t<\/span>\n\t\t\t\t\t<\/a>\n\t\t\t\t<\/div>\n\t\t\t\t\t\t\t\t<\/div>\n\t\t\t\t<\/div>\n\t\t\t\t\t<\/div>\n\t\t<\/div>\n\t\t\t\t\t<\/div>\n\t\t<\/section>\n\t\t\t\t<section class=\"elementor-section elementor-top-section elementor-element elementor-element-27863bb elementor-section-boxed elementor-section-height-default elementor-section-height-default\" data-id=\"27863bb\" data-element_type=\"section\" data-e-type=\"section\" data-settings=\"{&quot;background_background&quot;:&quot;classic&quot;}\">\n\t\t\t\t\t\t\t<div class=\"elementor-background-overlay\"><\/div>\n\t\t\t\t\t\t\t<div class=\"elementor-container elementor-column-gap-default\">\n\t\t\t\t\t<div class=\"elementor-column elementor-col-100 elementor-top-column elementor-element elementor-element-9492c77\" data-id=\"9492c77\" data-element_type=\"column\" data-e-type=\"column\">\n\t\t\t<div class=\"elementor-widget-wrap elementor-element-populated\">\n\t\t\t\t\t\t<div class=\"elementor-element elementor-element-c8d4ae5 elementor-widget elementor-widget-heading\" data-id=\"c8d4ae5\" data-element_type=\"widget\" data-e-type=\"widget\" data-widget_type=\"heading.default\">\n\t\t\t\t<div class=\"elementor-widget-container\">\n\t\t\t\t\t<h2 class=\"elementor-heading-title elementor-size-default\">precios patrocinio\u200b<\/h2>\t\t\t\t<\/div>\n\t\t\t\t<\/div>\n\t\t\t\t<section class=\"elementor-section elementor-inner-section elementor-element elementor-element-f441911 elementor-section-boxed elementor-section-height-default elementor-section-height-default\" data-id=\"f441911\" data-element_type=\"section\" data-e-type=\"section\">\n\t\t\t\t\t\t<div class=\"elementor-container elementor-column-gap-default\">\n\t\t\t\t\t<div class=\"elementor-column elementor-col-33 elementor-inner-column elementor-element elementor-element-e63bc54\" data-id=\"e63bc54\" data-element_type=\"column\" data-e-type=\"column\" data-settings=\"{&quot;background_background&quot;:&quot;classic&quot;}\">\n\t\t\t<div class=\"elementor-widget-wrap elementor-element-populated\">\n\t\t\t\t\t\t<div class=\"elementor-element elementor-element-2b9e254 elementor-widget elementor-widget-heading\" data-id=\"2b9e254\" data-element_type=\"widget\" data-e-type=\"widget\" data-widget_type=\"heading.default\">\n\t\t\t\t<div class=\"elementor-widget-container\">\n\t\t\t\t\t<h2 class=\"elementor-heading-title elementor-size-default\">MAIN<\/h2>\t\t\t\t<\/div>\n\t\t\t\t<\/div>\n\t\t\t\t<div class=\"elementor-element elementor-element-0f44696 elementor-widget elementor-widget-heading\" data-id=\"0f44696\" data-element_type=\"widget\" data-e-type=\"widget\" data-widget_type=\"heading.default\">\n\t\t\t\t<div class=\"elementor-widget-container\">\n\t\t\t\t\t<h6 class=\"elementor-heading-title elementor-size-small\">12000\u20ac<\/h6>\t\t\t\t<\/div>\n\t\t\t\t<\/div>\n\t\t\t\t<div class=\"elementor-element elementor-element-44f86b9 elementor-widget elementor-widget-heading\" data-id=\"44f86b9\" data-element_type=\"widget\" data-e-type=\"widget\" data-widget_type=\"heading.default\">\n\t\t\t\t<div class=\"elementor-widget-container\">\n\t\t\t\t\t<h2 class=\"elementor-heading-title elementor-size-default\">CONSULTA TODOS LOS BENEFICIOS DE SER SPONSOR<br><\/h2>\t\t\t\t<\/div>\n\t\t\t\t<\/div>\n\t\t\t\t\t<\/div>\n\t\t<\/div>\n\t\t\t\t<div class=\"elementor-column elementor-col-33 elementor-inner-column elementor-element elementor-element-2831446\" data-id=\"2831446\" data-element_type=\"column\" data-e-type=\"column\" data-settings=\"{&quot;background_background&quot;:&quot;classic&quot;}\">\n\t\t\t<div class=\"elementor-widget-wrap elementor-element-populated\">\n\t\t\t\t\t\t<div class=\"elementor-element elementor-element-4ba60d2 elementor-widget elementor-widget-heading\" data-id=\"4ba60d2\" data-element_type=\"widget\" data-e-type=\"widget\" data-widget_type=\"heading.default\">\n\t\t\t\t<div class=\"elementor-widget-container\">\n\t\t\t\t\t<h2 class=\"elementor-heading-title elementor-size-default\">gold<\/h2>\t\t\t\t<\/div>\n\t\t\t\t<\/div>\n\t\t\t\t<div class=\"elementor-element elementor-element-1763d0a elementor-widget elementor-widget-heading\" data-id=\"1763d0a\" data-element_type=\"widget\" data-e-type=\"widget\" data-widget_type=\"heading.default\">\n\t\t\t\t<div class=\"elementor-widget-container\">\n\t\t\t\t\t<h6 class=\"elementor-heading-title elementor-size-small\">5000\u20ac<\/h6>\t\t\t\t<\/div>\n\t\t\t\t<\/div>\n\t\t\t\t<div class=\"elementor-element elementor-element-581b365 elementor-widget elementor-widget-heading\" data-id=\"581b365\" data-element_type=\"widget\" data-e-type=\"widget\" data-widget_type=\"heading.default\">\n\t\t\t\t<div class=\"elementor-widget-container\">\n\t\t\t\t\t<h2 class=\"elementor-heading-title elementor-size-default\">CONSULTA TODOS LOS BENEFICIOS DE SER SPONSOR<br><\/h2>\t\t\t\t<\/div>\n\t\t\t\t<\/div>\n\t\t\t\t\t<\/div>\n\t\t<\/div>\n\t\t\t\t<div class=\"elementor-column elementor-col-33 elementor-inner-column elementor-element elementor-element-914075f\" data-id=\"914075f\" data-element_type=\"column\" data-e-type=\"column\" data-settings=\"{&quot;background_background&quot;:&quot;classic&quot;}\">\n\t\t\t<div class=\"elementor-widget-wrap elementor-element-populated\">\n\t\t\t\t\t\t<div class=\"elementor-element elementor-element-26615c8 elementor-widget elementor-widget-heading\" data-id=\"26615c8\" data-element_type=\"widget\" data-e-type=\"widget\" data-widget_type=\"heading.default\">\n\t\t\t\t<div class=\"elementor-widget-container\">\n\t\t\t\t\t<h2 class=\"elementor-heading-title elementor-size-default\">silver<\/h2>\t\t\t\t<\/div>\n\t\t\t\t<\/div>\n\t\t\t\t<div class=\"elementor-element elementor-element-8bbf267 elementor-widget elementor-widget-heading\" data-id=\"8bbf267\" data-element_type=\"widget\" data-e-type=\"widget\" data-widget_type=\"heading.default\">\n\t\t\t\t<div class=\"elementor-widget-container\">\n\t\t\t\t\t<h6 class=\"elementor-heading-title elementor-size-small\">3000\u20ac <\/h6>\t\t\t\t<\/div>\n\t\t\t\t<\/div>\n\t\t\t\t<div class=\"elementor-element elementor-element-1e6be98 elementor-widget elementor-widget-heading\" data-id=\"1e6be98\" data-element_type=\"widget\" data-e-type=\"widget\" data-widget_type=\"heading.default\">\n\t\t\t\t<div class=\"elementor-widget-container\">\n\t\t\t\t\t<h2 class=\"elementor-heading-title elementor-size-default\">CONSULTA TODOS LOS BENEFICIOS DE SER SPONSOR<br><\/h2>\t\t\t\t<\/div>\n\t\t\t\t<\/div>\n\t\t\t\t\t<\/div>\n\t\t<\/div>\n\t\t\t\t\t<\/div>\n\t\t<\/section>\n\t\t\t\t\t<\/div>\n\t\t<\/div>\n\t\t\t\t\t<\/div>\n\t\t<\/section>\n\t\t\t\t<\/div>\n\t\t","protected":false},"excerpt":{"rendered":"<p>GANADORES 2019 Desde la organizaci\u00f3n de la Spannabis Champions Cup queremos dar las gracias a todos los participantes y patrocinadores por hacer posible esta copa ben\u00e9fica. Tambi\u00e9n queremos agradecer a Ananda Lab el extraordinario trabajo que ha llevado a cabo. Todos los participantes que quer\u00e1is consultar las valoraciones recibidas por los jueces, as\u00ed como los [&hellip;]<\/p>\n","protected":false},"author":1,"featured_media":35,"parent":0,"menu_order":1,"comment_status":"closed","ping_status":"open","template":"","meta":{"ngg_post_thumbnail":0,"footnotes":""},"class_list":["post-3381","page","type-page","status-publish","has-post-thumbnail","hentry"],"_links":{"self":[{"href":"https:\/\/cannabischampionscup.com\/scc\/wp-json\/wp\/v2\/pages\/3381","targetHints":{"allow":["GET"]}}],"collection":[{"href":"https:\/\/cannabischampionscup.com\/scc\/wp-json\/wp\/v2\/pages"}],"about":[{"href":"https:\/\/cannabischampionscup.com\/scc\/wp-json\/wp\/v2\/types\/page"}],"author":[{"embeddable":true,"href":"https:\/\/cannabischampionscup.com\/scc\/wp-json\/wp\/v2\/users\/1"}],"replies":[{"embeddable":true,"href":"https:\/\/cannabischampionscup.com\/scc\/wp-json\/wp\/v2\/comments?post=3381"}],"version-history":[{"count":4,"href":"https:\/\/cannabischampionscup.com\/scc\/wp-json\/wp\/v2\/pages\/3381\/revisions"}],"predecessor-version":[{"id":5208,"href":"https:\/\/cannabischampionscup.com\/scc\/wp-json\/wp\/v2\/pages\/3381\/revisions\/5208"}],"wp:featuredmedia":[{"embeddable":true,"href":"https:\/\/cannabischampionscup.com\/scc\/wp-json\/wp\/v2\/media\/35"}],"wp:attachment":[{"href":"https:\/\/cannabischampionscup.com\/scc\/wp-json\/wp\/v2\/media?parent=3381"}],"curies":[{"name":"wp","href":"https:\/\/api.w.org\/{rel}","templated":true}]}}