{"id":3208,"date":"2018-06-21T17:14:30","date_gmt":"2018-06-21T15:14:30","guid":{"rendered":"https:\/\/cannabischampionscup.com\/scc\/?page_id=3208"},"modified":"2023-10-09T12:18:17","modified_gmt":"2023-10-09T10:18:17","slug":"politica-de-privacidad","status":"publish","type":"page","link":"https:\/\/cannabischampionscup.com\/scc\/politica-de-privacidad\/","title":{"rendered":"Pol\u00edtica de privacidad"},"content":{"rendered":"\t\t<div data-elementor-type=\"wp-page\" data-elementor-id=\"3208\" class=\"elementor elementor-3208\" data-elementor-post-type=\"page\">\n\t\t\t\t\t\t<section class=\"elementor-section elementor-top-section elementor-element elementor-element-3b6e2e29 elementor-section-boxed elementor-section-height-default elementor-section-height-default\" data-id=\"3b6e2e29\" data-element_type=\"section\" data-e-type=\"section\" data-settings=\"{&quot;background_background&quot;:&quot;classic&quot;}\">\n\t\t\t\t\t\t\t<div class=\"elementor-background-overlay\"><\/div>\n\t\t\t\t\t\t\t<div class=\"elementor-container elementor-column-gap-default\">\n\t\t\t\t\t<div class=\"elementor-column elementor-col-100 elementor-top-column elementor-element elementor-element-3044cee7\" data-id=\"3044cee7\" data-element_type=\"column\" data-e-type=\"column\">\n\t\t\t<div class=\"elementor-widget-wrap elementor-element-populated\">\n\t\t\t\t\t\t<div class=\"elementor-element elementor-element-5a8e6bc8 elementor-widget elementor-widget-heading\" data-id=\"5a8e6bc8\" data-element_type=\"widget\" data-e-type=\"widget\" data-widget_type=\"heading.default\">\n\t\t\t\t<div class=\"elementor-widget-container\">\n\t\t\t\t\t<h1 class=\"elementor-heading-title elementor-size-xxl\">POL\u00cdTICA DE PRIVACIDAD<\/h1>\t\t\t\t<\/div>\n\t\t\t\t<\/div>\n\t\t\t\t\t<\/div>\n\t\t<\/div>\n\t\t\t\t\t<\/div>\n\t\t<\/section>\n\t\t\t\t<section class=\"elementor-section elementor-top-section elementor-element elementor-element-55dcbe96 elementor-section-boxed elementor-section-height-default elementor-section-height-default\" data-id=\"55dcbe96\" data-element_type=\"section\" data-e-type=\"section\" data-settings=\"{&quot;background_background&quot;:&quot;classic&quot;}\">\n\t\t\t\t\t\t\t<div class=\"elementor-background-overlay\"><\/div>\n\t\t\t\t\t\t\t<div class=\"elementor-container elementor-column-gap-default\">\n\t\t\t\t\t<div class=\"elementor-column elementor-col-100 elementor-top-column elementor-element elementor-element-5cf6572d\" data-id=\"5cf6572d\" data-element_type=\"column\" data-e-type=\"column\">\n\t\t\t<div class=\"elementor-widget-wrap elementor-element-populated\">\n\t\t\t\t\t\t<div class=\"elementor-element elementor-element-5305cfb7 elementor-widget elementor-widget-text-editor\" data-id=\"5305cfb7\" data-element_type=\"widget\" data-e-type=\"widget\" data-widget_type=\"text-editor.default\">\n\t\t\t\t<div class=\"elementor-widget-container\">\n\t\t\t\t\t\t\t\t\t<p><strong>POLITICA DE PRIVACIDAD Y COOKIES.\u00a0<\/strong><\/p><p>Resumen:<\/p><p>1. Este documento detalla qu\u00e9 informaci\u00f3n se recaba en lo que respecta a Feria del C\u00e1\u00f1amo, SL.<\/p><p>2. Tambi\u00e9n detalla c\u00f3mo tratamos dicha informaci\u00f3n, d\u00f3nde la almacenamos y c\u00f3mo la protegemos.<\/p><p>3. No compartiremos tu informaci\u00f3n con fines publicitarios con terceros.<\/p><p>5. Detallamos tus derechos en relaci\u00f3n a esta informaci\u00f3n.<\/p><p>Nuestra Pol\u00edtica de privacidad es el documento en el que detallamos c\u00f3mo se recaba y almacena tu informaci\u00f3n personal y lo que hacemos con ella.<\/p><p>Si tienes alguna pregunta, puedes ponerte en contacto con nosotros a trav\u00e9s de\u00a0<span id=\"cloak52543\"><a href=\"mailto:info@spannabis.com\" target=\"_blank\" rel=\"noopener\">info@spannabis.com<\/a><\/span><\/p><p>En virtud del principio de transparencia, la brevedad es uno de los principios consagrados en el RGPD y en nuestra empresa.<\/p><p><strong>Breve resumen<\/strong><\/p><p><strong>\u00a01. QUI\u00c9NES SOMOS<\/strong><\/p><p>Somos Feria del C\u00e1\u00f1amo Sociedad Limitada, con domicilio social en Avenida Juan Pablo II, 22, siendo nuestro negocio la difusi\u00f3n de noticias del sector relacionado con el cannabis y la organizaci\u00f3n de eventos.<\/p><p>En adelante Feria del C\u00e1\u00f1amo.<\/p><p>\u00a0<strong>2 QU\u00c9 REGULA ESTA POL\u00cdTICA DE PRIVACIDAD<\/strong><\/p><p>\u00a02.1 Esta Pol\u00edtica de privacidad se aplica a todos los servicios relacionados con nuestro objeto de negocio, incluyendo, entre otros, gesti\u00f3n de cuentas de usuario, soporte t\u00e9cnico y atenci\u00f3n al cliente.<\/p><p>2.2 Espec\u00edficamente, esta Pol\u00edtica de privacidad regula los datos personales (o, en Estados Unidos, informaci\u00f3n de identificaci\u00f3n personal) y los datos no personales (o, en Estados Unidos, informaci\u00f3n de no identificaci\u00f3n personal), que recabamos cuando est\u00e1s utilizando los productos de nuestros clientes.<\/p><p>2.3 Respetamos tu derecho a la privacidad y solo procesaremos tu informaci\u00f3n personal de acuerdo con la legislaci\u00f3n aplicable en la Uni\u00f3n Europea, y cualquier otro lugar.<\/p><p>2.4 En cuanto a la informaci\u00f3n personal contenida en esta Pol\u00edtica de privacidad que sea utilizada es el responsable de datos al amparo de la legislaci\u00f3n de protecci\u00f3n de datos de la Uni\u00f3n Europea. Cumpliremos con todas las leyes de privacidad aplicables.<\/p><p><strong>3 PROTEGER LA INFORMACI\u00d3N RELATIVA\u00a0A NI\u00d1OS<\/strong><\/p><p>3.1 Somos conscientes de nuestra especial obligaci\u00f3n a la hora de proteger informaci\u00f3n personal relativa a ni\u00f1os. No recabamos ni recabaremos intencionadamente informaci\u00f3n personal de ning\u00fan ni\u00f1o menor de 13 a\u00f1os sin el consentimiento de sus padres o tutores. Si eres padre o tutor y te preocupa la transmisi\u00f3n de informaci\u00f3n personal relativa a tus hijos, ponte en contacto con nosotros a trav\u00e9s de\u00a0<span id=\"cloak97437\"><a href=\"mailto:info@spannabis.com\" target=\"_blank\" rel=\"noopener\">info@spannabis.com<\/a><\/span>.\u00a0\u00a0No podemos recabar ni recabaremos informaci\u00f3n personal de ni\u00f1os menores de 13 a\u00f1os sin el consentimiento de sus padres o tutores. Se trata de un requisito legal.<\/p><p><strong>4 \u00bfQU\u00c9 INFORMACI\u00d3N SE INCLUYE?<\/strong><\/p><p>4.1 Cuando te registras ya seamos nosotros o nuestros socios, incluyendo a nuestra empresa asociada recabaremos una serie de datos. Esta informaci\u00f3n puede incluir:<\/p><p>\u00a0\u2022 Tu nombre;<\/p><p>\u2022 Tu direcci\u00f3n de correo electr\u00f3nico;<\/p><p>\u00a0\u2022 Cualquier nombre de usuario que se utilice para identificarte;<\/p><p>\u2022 Cualquier otra informaci\u00f3n que nos proporciones a trav\u00e9s de nuestros servicios;<\/p><p>\u2022 Detalles t\u00e9cnicos acerca de cualquier dispositivo que utilices para acceder a nuestros servicios, entre los que se incluyen: conexi\u00f3n a internet y\/o a otras redes (incluyendo direcci\u00f3n IP); cualquier identificador de dispositivo m\u00f3vil; tu sistema operativo, tipo de navegador u otra clase de software; o datos de tu equipo u otros detalles t\u00e9cnicos. Se trata de datos t\u00e9cnicos acerca de nuestros usuarios, sus acciones y sus patrones, que no proporcionan informaci\u00f3n personal;<\/p><p>\u00a0\u2022 Detalles del uso de nuestros servicios, incluidos, entre otros: informaci\u00f3n m\u00e9trica acerca de cu\u00e1ndo y c\u00f3mo utilizas nuestros servicios; datos de tr\u00e1fico; y tus datos de ubicaci\u00f3n geogr\u00e1fica;<\/p><p>\u2022 Otra informaci\u00f3n solicitada a la hora de ayudarte con alguna duda o alg\u00fan asunto de atenci\u00f3n al cliente.<\/p><p><strong>\u00a05 \u00bfC\u00d3MO RECABAMOS TUS DATOS?<\/strong><\/p><p>5.1 Tus datos se pueden recabar y procesar de las siguientes maneras: (a) datos que nos proporcionas a trav\u00e9s de nuestras plataformas o que proporcionas a nuestros clientes empresas; (b) datos que nos proporcionas cuando contactas con nosotros o nos informas acerca de un problema con nuestro software; (c) datos que te solicitamos o que nos proporcionas (incluidos nuestros afiliados, socios y licenciantes).\u00a0\u00a0Podemos recabar esta informaci\u00f3n a trav\u00e9s de nuestras plataformas o de terceros de nuestra confianza en relaci\u00f3n a cuestiones opcionales como puedan ser encuestas o sondeos. Recabaremos tus datos nosotros mismos o a trav\u00e9s de terceros cuando se trate de cuestiones opcionales, como encuestas.<\/p><p><strong>6 COOKIES<\/strong><\/p><p>\u00a06.1 Nosotros y nuestros clientes tambi\u00e9n recabamos tus datos a trav\u00e9s de cookies. La Pol\u00edtica de cookies forma parte de esta Pol\u00edtica de Privacidad.<\/p><p>La pol\u00edtica de cookies explica como usa nuestro website y nuestras plataformas estas cookies y como tener el control sobre ellas. En aras de la informaci\u00f3n transparente incluimos un informe sumario y breve para facilitar al usuario la informaci\u00f3n y el control de las mismas.<\/p><p>Las cookies son peque\u00f1os archivos de texto almacenados en tu dispositivo, que ayudan en el funcionamiento de las webs y de los servicios online, haciendo estos m\u00e1s eficientes, para una mejor experiencia del usuario.<\/p><p>Distinguimos entre cookies esenciales (que son necesarias para actualizar el navegados y el uso de nuestros servicios), cookies de rendimiento (que se encargan de obtener informaci\u00f3n de nuestros servicios para un mejor funcionamiento de estos), y cookies funcionales (que ayudan a nuestra empresa y al usuario a personalizar la experiencia).<\/p><p>En ning\u00fan caso, en nuestras relaciones con terceros, y con clientes de nuestras plataformas, obtenemos ni cedemos nombres de esas cookies, o rutas de c\u00f3mo encontrarlas.<\/p><p>Puedes elegir aceptarlas o no, siendo la \u00fanica consecuencia, que algunas funcionalidades de nuestros servicios no funcionaran de una forma tan efectiva, siendo no obstante operativos.<\/p><p><strong>\u00a07 \u00bfD\u00d3NDE SE ALMACENAN TUS DATOS?<\/strong><\/p><p>7.1 La informaci\u00f3n que conservamos se almacenar\u00e1 y tratar\u00e1 en el Espacio Econ\u00f3mico Europeo. Al enviar tus datos personales, est\u00e1s de acuerdo con esta transmisi\u00f3n, almacenamiento y tratamiento. Daremos todos los pasos razonables y necesarios para asegurarnos de que esta informaci\u00f3n sea tratada de forma segura y de acuerdo con esta Pol\u00edtica de privacidad.<\/p><p>\u00a07.2 La informaci\u00f3n que conservamos se almacena en nuestros servidores seguros. Una vez hayamos recibido tus datos, usaremos estrictos procedimientos de seguridad para evitar cualquier acceso no autorizado.<\/p><p>\u00a07.3 Ponemos todo nuestro empe\u00f1o en proteger a nuestros usuarios de cualquier acceso no autorizado o de cualquier alteraci\u00f3n, divulgaci\u00f3n o destrucci\u00f3n no autorizadas de la informaci\u00f3n que conservamos. Sin embargo, ninguna p\u00e1gina web o servicio en l\u00ednea es completamente seguro (aunque hacemos todo lo posible para que lo sean): por tanto, te rogamos que protejas tambi\u00e9n la informaci\u00f3n de tu cuenta que est\u00e9 en tu poder. Almacenaremos tus datos en Europa. Haremos todo lo posible para garantizar la seguridad de esta informaci\u00f3n. Ning\u00fan sistema de seguridad de la informaci\u00f3n es perfecto, as\u00ed que extrema la precauci\u00f3n.<\/p><p><strong>8 \u00bfC\u00d3MO SE UTILIZAN TUS DATOS?<\/strong><\/p><p>\u00a08.1 Tus datos se pueden utilizar de las siguientes maneras:<\/p><p>\u2022 Para obtener el acceso a nuestra plataforma.<\/p><p>\u2022 Para realizar cualquier comprobaci\u00f3n antiblanqueo de capitales o antifraude requerida por las autoridades o gobiernos competentes o requisitos y normas legales aplicables.<\/p><p>8.2 Podremos compartir algunos datos NO personales y generales adicionales acerca del comportamiento del usuario con nuestros clientes, con los que colaboramos con el fin de mantener, mejorar o corregir.<\/p><p>Tambi\u00e9n podemos compartir datos no personales con servicios de an\u00e1lisis de datos para que nos ayuden. En algunos casos, puede que tengamos que compartir informaci\u00f3n no personal y an\u00f3nima, como el tipo de sistema operativo, para poder procesar nuestros servicios. Esta ser\u00e1 an\u00f3nima, de modo que nunca se te podr\u00e1 identificar.<\/p><p><strong>9. C\u00d3MO USAS TUS DATOS<\/strong><\/p><p>9.1 Por favor, ten en cuenta que cualquier comunicaci\u00f3n que estableces a trav\u00e9s de nuestras plataformas puede revelar detalles sobre ti. Adem\u00e1s, cualquier informaci\u00f3n que hagas p\u00fablica estar\u00e1 disponible p\u00fablicamente para otras personas. No nos hacemos responsables del uso que hagas de cualquier informaci\u00f3n personal privada que hagas p\u00fablica, o de las actividades de otros usuarios o de terceros a los que hayas proporcionado directa o indirectamente tus datos o contenidos. Tienes la opci\u00f3n de compartir tus datos personales con otros. Pero ten cuidado al hacerlo, es tu responsabilidad.<\/p><p><strong>10. RECOPILACI\u00d3N DE DATOS DE TERCEROS Y SERVICIOS EXTERNOS<\/strong><\/p><p>10.1 SPANNABIS puede, ocasionalmente, contener o conectarte con contenidos o servicios de terceros. Nuestra Pol\u00edtica de privacidad no es extensible a sitios o empresas externos, de modo que, por favor, consulta sus pol\u00edticas de privacidad.<\/p><p>10.2 Algunos servicios pueden requerir la interacci\u00f3n con nuestros clientes empresas. La informaci\u00f3n compartida estar\u00e1 protegida por su pol\u00edtica de privacidad. Puedes encontrar enlaces a terceros o podemos dirigirte a terceros. Estos podr\u00e1n recabar informaci\u00f3n acerca de ti bajo sus propias pol\u00edticas de privacidad.<\/p><p><strong>11. OTRAS CUESTIONES<\/strong><\/p><p>11.1 Por favor, ten en cuenta que estamos sujetos a diferentes leyes y que pueden solicitarnos que proporcionemos datos personales para cumplir con las autoridades competentes u otros requerimientos legales.<\/p><p>11.2 En el poco probable caso de que se produzca una reestructuraci\u00f3n o una fusi\u00f3n empresarial, podemos transferir datos personales a terceras partes involucradas en dichos procesos, que proteger\u00e1n estos datos, al menos, al mismo nivel al que se protegen en esta Pol\u00edtica de privacidad. Puede que nos soliciten cumplir con peticiones de entrega de datos personales por parte de las autoridades competentes. Aunque se produzcan reestructuraciones, adquisiciones, etc., tus datos personales estar\u00e1n protegidos de la misma manera que lo est\u00e1n ahora.<\/p><p><strong>12. TUS DERECHOS<\/strong><\/p><p>12.1 Tienes derecho a pedirnos que no tratemos tus datos personales con fines comerciales. Puedes cambiar los ajustes de tu correo electr\u00f3nico para cancelar la suscripci\u00f3n a las comunicaciones a trav\u00e9s de correo electr\u00f3nico.<\/p><p>12.2 Dependiendo de d\u00f3nde residas, puedes disfrutar de derechos de privacidad adicionales. Por ejemplo, en la Uni\u00f3n Europea tienes derecho a acceder a tus datos personales que tenemos en nuestro poder; puedes tener el derecho legal de contactar con nosotros y solicitarnos que eliminemos tus datos personales de nuestros sistemas; y puedes tener el derecho de solicitarnos que rectifiquemos o corrijamos tus datos personales, si procede. Haremos todos los esfuerzos comercialmente razonables para atender tu petici\u00f3n, pero podemos declinar peticiones que se consideren repetitivas sin motivo aparente, desproporcionadas o que infrinjan la privacidad de otros. Por descontado, ser\u00e1s notificado de antemano.<\/p><p>12.3 Puedes ejercer los derechos recogidos en el RGPD\u00a0\u00a0poni\u00e9ndote en contacto con nosotros en la direcci\u00f3n arriba indicada. Si quisieras ejercer alguno de estos derechos o tienes alguna duda respecto a ellos, contacta con nosotros a trav\u00e9s de: <span id=\"cloak67964\"><a href=\"mailto:info@spannabis.com\" target=\"_blank\" rel=\"noopener\">info@spannabis.com<\/a><\/span>. Tienes tus derechos respecto a c\u00f3mo se utilizan tus datos personales. Si tienes alguna pregunta, ponte en contacto con nosotros a trav\u00e9s de\u00a0<span id=\"cloak87641\"><a href=\"mailto:info@spannabis.com\" target=\"_blank\" rel=\"noopener\">info@spannabis.com<\/a><\/span>.<\/p><p><strong>13. CAMBIOS EN ESTA POL\u00cdTICA DE PRIVACIDAD<\/strong><\/p><p>13.1 Podemos modificar esta Pol\u00edtica de privacidad si consideramos que es necesario, por ejemplo, por motivos legales o para reflejar cambios en nuestros servicios. Si esto ocurriera, publicaremos en la red la Pol\u00edtica de privacidad modificada y actualizaremos la fecha de \u201c\u00daltima actualizaci\u00f3n\u201d.<\/p><p>13.2 Una vez hayamos modificado la Pol\u00edtica de privacidad, ser\u00e1 legalmente vinculante 30 d\u00edas despu\u00e9s de publicarla en la red. Durante ese periodo, estamos a tu disposici\u00f3n para que te pongas en contacto con nosotros si tienes preguntas espec\u00edficas acerca de los cambios.<\/p><div><p>13.3 Si no est\u00e1s de acuerdo con los cambios (tanto si nos has escrito como si no), por desgracia, tendremos que pedirte que dejes de utilizar nuestras plataformas. Lamentamos tener que decir esto, pero esperamos que comprendas que, para que nuestros servicios funcionen correctamente, es necesario que todas las personas los utilicen bajo las mismas reglas, en lugar de establecer distintas reglas para distintos usuarios. Es por eso que te instamos a que te pongas en contacto con nosotros si tienes alguna duda. Podemos cambiar esta Pol\u00edtica de privacidad, pero en ese caso subiremos a la red la versi\u00f3n modificada y lo normal es que entre en vigor 30 d\u00edas despu\u00e9s. No dudes en ponerte en contacto con nosotros si tienes alguna pregunta relacionada con los cambios.<\/p><\/div>\t\t\t\t\t\t\t\t<\/div>\n\t\t\t\t<\/div>\n\t\t\t\t\t<\/div>\n\t\t<\/div>\n\t\t\t\t\t<\/div>\n\t\t<\/section>\n\t\t\t\t<section class=\"elementor-section elementor-top-section elementor-element elementor-element-fc3d62d elementor-section-boxed elementor-section-height-default elementor-section-height-default\" data-id=\"fc3d62d\" data-element_type=\"section\" data-e-type=\"section\" data-settings=\"{&quot;background_background&quot;:&quot;classic&quot;}\">\n\t\t\t\t\t\t\t<div class=\"elementor-background-overlay\"><\/div>\n\t\t\t\t\t\t\t<div class=\"elementor-container elementor-column-gap-default\">\n\t\t\t\t\t<div class=\"elementor-column elementor-col-100 elementor-top-column elementor-element elementor-element-68e0224a\" data-id=\"68e0224a\" data-element_type=\"column\" data-e-type=\"column\">\n\t\t\t<div class=\"elementor-widget-wrap elementor-element-populated\">\n\t\t\t\t\t\t<div class=\"elementor-element elementor-element-5e039c84 elementor-widget elementor-widget-elementskit-heading\" data-id=\"5e039c84\" data-element_type=\"widget\" data-e-type=\"widget\" data-widget_type=\"elementskit-heading.default\">\n\t\t\t\t<div class=\"elementor-widget-container\">\n\t\t\t\t\t<div class=\"ekit-wid-con\" ><div class=\"ekit-heading elementskit-section-title-wraper text_center   ekit_heading_tablet-   ekit_heading_mobile-\"><h2 class=\"ekit-heading--title elementskit-section-title \">Quieres ser <span><span>Sponsor<\/span><\/span> <\/h2><\/div><\/div>\t\t\t\t<\/div>\n\t\t\t\t<\/div>\n\t\t\t\t<div class=\"elementor-element elementor-element-6a8f96a2 elementor-widget elementor-widget-elementskit-heading\" data-id=\"6a8f96a2\" data-element_type=\"widget\" data-e-type=\"widget\" data-widget_type=\"elementskit-heading.default\">\n\t\t\t\t<div class=\"elementor-widget-container\">\n\t\t\t\t\t<div class=\"ekit-wid-con\" ><div class=\"ekit-heading elementskit-section-title-wraper text_center   ekit_heading_tablet-   ekit_heading_mobile-\"><h2 class=\"ekit-heading--title elementskit-section-title \">\u00bf<span><span>Quieres<\/span><\/span> ser <span><span>parte<\/span><\/span> de la Copa?<\/h2><\/div><\/div>\t\t\t\t<\/div>\n\t\t\t\t<\/div>\n\t\t\t\t<div class=\"elementor-element elementor-element-683b12e8 elementor-widget elementor-widget-text-editor\" data-id=\"683b12e8\" data-element_type=\"widget\" data-e-type=\"widget\" data-widget_type=\"text-editor.default\">\n\t\t\t\t<div class=\"elementor-widget-container\">\n\t\t\t\t\t\t\t\t\t<p>\u00bfQuieres convertirte en\u00a0<strong>patrocinador<\/strong>\u00a0de una de las\u00a0<strong>copas cann\u00e1bicas m\u00e1s prestigiosas<\/strong>\u00a0de Europa? Puedes elegir entre estas tres modalidades:\u00a0<strong>MAIN<\/strong>,\u00a0<strong>GOLD<\/strong>\u00a0y\u00a0<strong>SILVER.<\/strong><\/p>\t\t\t\t\t\t\t\t<\/div>\n\t\t\t\t<\/div>\n\t\t\t\t<div class=\"elementor-element elementor-element-60fd3442 elementor-align-center elementor-widget elementor-widget-button\" data-id=\"60fd3442\" data-element_type=\"widget\" data-e-type=\"widget\" data-widget_type=\"button.default\">\n\t\t\t\t<div class=\"elementor-widget-container\">\n\t\t\t\t\t\t\t\t\t<div class=\"elementor-button-wrapper\">\n\t\t\t\t\t<a class=\"elementor-button elementor-button-link elementor-size-sm\" href=\"https:\/\/cannabischampionscup.com\/scc\/sponsors\/\">\n\t\t\t\t\t\t<span class=\"elementor-button-content-wrapper\">\n\t\t\t\t\t\t\t\t\t<span class=\"elementor-button-text\">Contratar<\/span>\n\t\t\t\t\t<\/span>\n\t\t\t\t\t<\/a>\n\t\t\t\t<\/div>\n\t\t\t\t\t\t\t\t<\/div>\n\t\t\t\t<\/div>\n\t\t\t\t\t<\/div>\n\t\t<\/div>\n\t\t\t\t\t<\/div>\n\t\t<\/section>\n\t\t\t\t<\/div>\n\t\t","protected":false},"excerpt":{"rendered":"<p>POL\u00cdTICA DE PRIVACIDAD POLITICA DE PRIVACIDAD Y COOKIES.\u00a0 Resumen: 1. Este documento detalla qu\u00e9 informaci\u00f3n se recaba en lo que respecta a Feria del C\u00e1\u00f1amo, SL. 2. Tambi\u00e9n detalla c\u00f3mo tratamos dicha informaci\u00f3n, d\u00f3nde la almacenamos y c\u00f3mo la protegemos. 3. No compartiremos tu informaci\u00f3n con fines publicitarios con terceros. 5. Detallamos tus derechos en [&hellip;]<\/p>\n","protected":false},"author":1,"featured_media":0,"parent":0,"menu_order":0,"comment_status":"closed","ping_status":"closed","template":"","meta":{"ngg_post_thumbnail":0,"footnotes":""},"class_list":["post-3208","page","type-page","status-publish","hentry"],"_links":{"self":[{"href":"https:\/\/cannabischampionscup.com\/scc\/wp-json\/wp\/v2\/pages\/3208","targetHints":{"allow":["GET"]}}],"collection":[{"href":"https:\/\/cannabischampionscup.com\/scc\/wp-json\/wp\/v2\/pages"}],"about":[{"href":"https:\/\/cannabischampionscup.com\/scc\/wp-json\/wp\/v2\/types\/page"}],"author":[{"embeddable":true,"href":"https:\/\/cannabischampionscup.com\/scc\/wp-json\/wp\/v2\/users\/1"}],"replies":[{"embeddable":true,"href":"https:\/\/cannabischampionscup.com\/scc\/wp-json\/wp\/v2\/comments?post=3208"}],"version-history":[{"count":23,"href":"https:\/\/cannabischampionscup.com\/scc\/wp-json\/wp\/v2\/pages\/3208\/revisions"}],"predecessor-version":[{"id":5625,"href":"https:\/\/cannabischampionscup.com\/scc\/wp-json\/wp\/v2\/pages\/3208\/revisions\/5625"}],"wp:attachment":[{"href":"https:\/\/cannabischampionscup.com\/scc\/wp-json\/wp\/v2\/media?parent=3208"}],"curies":[{"name":"wp","href":"https:\/\/api.w.org\/{rel}","templated":true}]}}