{"id":2496,"date":"2017-10-19T12:57:51","date_gmt":"2017-10-19T10:57:51","guid":{"rendered":"https:\/\/cannabischampionscup.com\/scc\/?page_id=2496"},"modified":"2023-05-05T11:34:28","modified_gmt":"2023-05-05T09:34:28","slug":"resultados-2017-mad","status":"publish","type":"page","link":"https:\/\/cannabischampionscup.com\/scc\/resultados-2017-mad\/","title":{"rendered":"Resultados 2017 MAD"},"content":{"rendered":"\t\t<div data-elementor-type=\"wp-page\" data-elementor-id=\"2496\" class=\"elementor elementor-2496\" data-elementor-post-type=\"page\">\n\t\t\t\t\t\t<section class=\"elementor-section elementor-top-section elementor-element elementor-element-2cc55c39 elementor-section-boxed elementor-section-height-default elementor-section-height-default\" data-id=\"2cc55c39\" data-element_type=\"section\" data-e-type=\"section\" data-settings=\"{&quot;background_background&quot;:&quot;classic&quot;}\">\n\t\t\t\t\t\t\t<div class=\"elementor-background-overlay\"><\/div>\n\t\t\t\t\t\t\t<div class=\"elementor-container elementor-column-gap-default\">\n\t\t\t\t\t<div class=\"elementor-column elementor-col-100 elementor-top-column elementor-element elementor-element-7eb49a2a\" data-id=\"7eb49a2a\" data-element_type=\"column\" data-e-type=\"column\">\n\t\t\t<div class=\"elementor-widget-wrap elementor-element-populated\">\n\t\t\t\t\t\t<div class=\"elementor-element elementor-element-5c0fb958 elementor-widget elementor-widget-heading\" data-id=\"5c0fb958\" data-element_type=\"widget\" data-e-type=\"widget\" data-widget_type=\"heading.default\">\n\t\t\t\t<div class=\"elementor-widget-container\">\n\t\t\t\t\t<h1 class=\"elementor-heading-title elementor-size-xxl\">GANADORES 2017 MAD<\/h1>\t\t\t\t<\/div>\n\t\t\t\t<\/div>\n\t\t\t\t\t<\/div>\n\t\t<\/div>\n\t\t\t\t\t<\/div>\n\t\t<\/section>\n\t\t\t\t<section class=\"elementor-section elementor-top-section elementor-element elementor-element-342eda7d elementor-section-boxed elementor-section-height-default elementor-section-height-default\" data-id=\"342eda7d\" data-element_type=\"section\" data-e-type=\"section\" data-settings=\"{&quot;background_background&quot;:&quot;classic&quot;}\">\n\t\t\t\t\t\t\t<div class=\"elementor-background-overlay\"><\/div>\n\t\t\t\t\t\t\t<div class=\"elementor-container elementor-column-gap-default\">\n\t\t\t\t\t<div class=\"elementor-column elementor-col-100 elementor-top-column elementor-element elementor-element-6254e873\" data-id=\"6254e873\" data-element_type=\"column\" data-e-type=\"column\">\n\t\t\t<div class=\"elementor-widget-wrap elementor-element-populated\">\n\t\t\t\t\t\t<div class=\"elementor-element elementor-element-11b8d168 elementor-widget elementor-widget-text-editor\" data-id=\"11b8d168\" data-element_type=\"widget\" data-e-type=\"widget\" data-widget_type=\"text-editor.default\">\n\t\t\t\t<div class=\"elementor-widget-container\">\n\t\t\t\t\t\t\t\t\t<p><span style=\"color: #ffffff;\">Desde la organizaci\u00f3n de la Spannabis Champions Cup queremos dar las gracias a todos los participantes y patrocinadores por hacer posible esta copa ben\u00e9fica. Tambi\u00e9n queremos agradecer a Ananda Lab el extraordinario trabajo que ha llevado a cabo.<\/span><\/p><p><span style=\"color: #ffffff;\">Gracias a vosotros hemos podido donar 5000 \u20ac al OECM.<\/span><\/p><p><span style=\"color: #ffffff;\">Todos los participantes que quer\u00e1is consultar las valoraciones recibidas por los jueces, as\u00ed como los an\u00e1lisis de vuestras variedades, por favor, escribidnos a: <a style=\"color: #ffffff;\" href=\"mailto:info@cannabischampionscup.com\">info@cannabischampionscup.com<\/a>.<\/span><\/p><h2><span style=\"color: #ffffff;\"><img decoding=\"async\" class=\" size-full wp-image-35\" src=\"https:\/\/cannabischampionscup.com\/scc\/wp-content\/uploads\/2011\/05\/lateraltransparaente.png\" width=\"1\" height=\"1\" border=\"0\" srcset=\"https:\/\/cannabischampionscup.com\/scc\/wp-content\/uploads\/2011\/05\/lateraltransparaente.png 261w, https:\/\/cannabischampionscup.com\/scc\/wp-content\/uploads\/2011\/05\/lateraltransparaente-150x150.png 150w\" sizes=\"(max-width: 1px) 100vw, 1px\" \/><a style=\"color: #ffffff;\" href=\"https:\/\/cannabischampionscup.com\/scc\/wp-content\/uploads\/2016\/06\/logo_new.png\"><img decoding=\"async\" class=\"alignright wp-image-1842 \" src=\"https:\/\/cannabischampionscup.com\/scc\/wp-content\/uploads\/2016\/06\/logo_new.png\" alt=\"\" width=\"200\" height=\"231\" \/><\/a>GANADORES 2017 MAD<\/span><\/h2><p><span style=\"color: #ffffff;\"><strong>Premios del laboratorio<\/strong><\/span><\/p><p><span style=\"color: #ffffff;\"><strong>Premio a la muestra vegetal con m\u00e1s cantidad de CBD:<\/strong><\/span><\/p><p><span style=\"color: #ffffff;\">CBD PiHaze de CBD Botanic<\/span><\/p><p><span style=\"color: #ffffff;\"><strong>Premio a la muestra vegetal con m\u00e1s cantidad de THC:<\/strong><\/span><\/p><p><span style=\"color: #ffffff;\">DiscoBiscuit de Underground Originals<\/span><\/p><p><span style=\"color: #ffffff;\"><strong>Premio a la muestra de BHO mejor purgada:<\/strong><\/span><\/p><p><span style=\"color: #ffffff;\">Mr. Jekill Kush de Mr. Hide<\/span><\/p><p><span style=\"color: #ffffff;\"><strong>\u00a0<\/strong><\/span><\/p><p><span style=\"color: #ffffff;\"><strong>Premios Spannabis Champions Cup<\/strong><\/span><\/p><p><span style=\"color: #ffffff;\"><strong>CBD<\/strong>:<\/span><\/p><p><span style=\"color: #ffffff;\">3.\u00ba PREMIO: Nightingale de Medical Marijuana Genetics<\/span><\/p><p><span style=\"color: #ffffff;\">2.\u00ba PREMIO: Candida de Medical Marijuana Genetics<\/span><\/p><p><span style=\"color: #ffffff;\">1.\u00ba PREMIO: CBD PiHaze de CBD Botanic<\/span><\/p><p><span style=\"color: #ffffff;\"><strong>Extracciones sin solvente<\/strong>:<\/span><\/p><p><span style=\"color: #ffffff;\">3.\u00ba PREMIO: ICE Orange Valley OG x Cookies &amp; Cream de HQ Barcelona<\/span><\/p><p><span style=\"color: #ffffff;\">2.\u00ba PREMIO: UGORG # 1 de Underground Originals<\/span><\/p><p><span style=\"color: #ffffff;\">1.\u00ba PREMIO: UGORG Cookies de Underground Originals<\/span><\/p><p><span style=\"color: #ffffff;\"><strong>\u00a0Extracciones con solvente<\/strong>:<\/span><\/p><p><span style=\"color: #ffffff;\">3.\u00ba PREMIO: Holy Sauce de The Plug BCN<\/span><\/p><p><span style=\"color: #ffffff;\">2.\u00ba PREMIO: Wax de Ripper Glue de Ripper Seeds<\/span><\/p><p><span style=\"color: #ffffff;\">1.\u00ba PREMIO: CBD PiHaze de CBD Botanic<\/span><\/p><p><span style=\"color: #ffffff;\"><strong>Sativas:<\/strong><\/span><\/p><p><span style=\"color: #ffffff;\">3.\u00ba PREMIO: Alien Scout Cookies de Eleva 4K<\/span><\/p><p><span style=\"color: #ffffff;\">2.\u00ba PREMIO: Jack The Ripper de Cali Kush Farms<\/span><\/p><p><span style=\"color: #ffffff;\">1.\u00ba PREMIO: Amnesia de The Church<\/span><\/p><p><span style=\"color: #ffffff;\"><strong>\u00cdndicas:<\/strong><\/span><\/p><p><span style=\"color: #ffffff;\">3.\u00ba PREMIO: Zombie Kush de Weed You<\/span><\/p><p><span style=\"color: #ffffff;\">2.\u00ba PREMIO: DiscoBiscuit de Underground Originals<\/span><\/p><p><span style=\"color: #ffffff;\">1.\u00ba PREMIO: UGORG Cookies de Underground Originals<\/span><\/p>\t\t\t\t\t\t\t\t<\/div>\n\t\t\t\t<\/div>\n\t\t\t\t\t<\/div>\n\t\t<\/div>\n\t\t\t\t\t<\/div>\n\t\t<\/section>\n\t\t\t\t<section class=\"elementor-section elementor-top-section elementor-element elementor-element-596b005f elementor-section-boxed elementor-section-height-default elementor-section-height-default\" data-id=\"596b005f\" data-element_type=\"section\" data-e-type=\"section\" data-settings=\"{&quot;background_background&quot;:&quot;classic&quot;}\">\n\t\t\t\t\t\t\t<div class=\"elementor-background-overlay\"><\/div>\n\t\t\t\t\t\t\t<div class=\"elementor-container elementor-column-gap-default\">\n\t\t\t\t\t<div class=\"elementor-column elementor-col-100 elementor-top-column elementor-element elementor-element-260d37a6\" data-id=\"260d37a6\" data-element_type=\"column\" data-e-type=\"column\">\n\t\t\t<div class=\"elementor-widget-wrap elementor-element-populated\">\n\t\t\t\t\t\t<div class=\"elementor-element elementor-element-1624d7f2 elementor-widget elementor-widget-elementskit-heading\" data-id=\"1624d7f2\" data-element_type=\"widget\" data-e-type=\"widget\" data-widget_type=\"elementskit-heading.default\">\n\t\t\t\t<div class=\"elementor-widget-container\">\n\t\t\t\t\t<div class=\"ekit-wid-con\" ><div class=\"ekit-heading elementskit-section-title-wraper text_center   ekit_heading_tablet-   ekit_heading_mobile-\"><h2 class=\"ekit-heading--title elementskit-section-title \">Quieres ser <span><span>Sponsor<\/span><\/span> <\/h2><\/div><\/div>\t\t\t\t<\/div>\n\t\t\t\t<\/div>\n\t\t\t\t<div class=\"elementor-element elementor-element-675f97be elementor-widget elementor-widget-elementskit-heading\" data-id=\"675f97be\" data-element_type=\"widget\" data-e-type=\"widget\" data-widget_type=\"elementskit-heading.default\">\n\t\t\t\t<div class=\"elementor-widget-container\">\n\t\t\t\t\t<div class=\"ekit-wid-con\" ><div class=\"ekit-heading elementskit-section-title-wraper text_center   ekit_heading_tablet-   ekit_heading_mobile-\"><h2 class=\"ekit-heading--title elementskit-section-title \">\u00bf<span><span>Quieres<\/span><\/span> ser <span><span>parte<\/span><\/span> de la Copa?<\/h2><\/div><\/div>\t\t\t\t<\/div>\n\t\t\t\t<\/div>\n\t\t\t\t<div class=\"elementor-element elementor-element-34f44f06 elementor-widget elementor-widget-text-editor\" data-id=\"34f44f06\" data-element_type=\"widget\" data-e-type=\"widget\" data-widget_type=\"text-editor.default\">\n\t\t\t\t<div class=\"elementor-widget-container\">\n\t\t\t\t\t\t\t\t\t<p>\u00bfQuieres convertirte en\u00a0<strong>patrocinador<\/strong>\u00a0de una de las\u00a0<strong>copas cann\u00e1bicas m\u00e1s prestigiosas<\/strong>\u00a0de Europa? Puedes elegir entre estas tres modalidades:\u00a0<strong>MAIN<\/strong>,\u00a0<strong>GOLD<\/strong>\u00a0y\u00a0<strong>SILVER.<\/strong><\/p>\t\t\t\t\t\t\t\t<\/div>\n\t\t\t\t<\/div>\n\t\t\t\t<div class=\"elementor-element elementor-element-76a3b31b elementor-align-center elementor-widget elementor-widget-button\" data-id=\"76a3b31b\" data-element_type=\"widget\" data-e-type=\"widget\" data-widget_type=\"button.default\">\n\t\t\t\t<div class=\"elementor-widget-container\">\n\t\t\t\t\t\t\t\t\t<div class=\"elementor-button-wrapper\">\n\t\t\t\t\t<a class=\"elementor-button elementor-button-link elementor-size-sm\" href=\"https:\/\/cannabischampionscup.com\/scc\/sponsors\/\">\n\t\t\t\t\t\t<span class=\"elementor-button-content-wrapper\">\n\t\t\t\t\t\t\t\t\t<span class=\"elementor-button-text\">Contratar<\/span>\n\t\t\t\t\t<\/span>\n\t\t\t\t\t<\/a>\n\t\t\t\t<\/div>\n\t\t\t\t\t\t\t\t<\/div>\n\t\t\t\t<\/div>\n\t\t\t\t\t<\/div>\n\t\t<\/div>\n\t\t\t\t\t<\/div>\n\t\t<\/section>\n\t\t\t\t<\/div>\n\t\t","protected":false},"excerpt":{"rendered":"<p>GANADORES 2017 MAD Desde la organizaci\u00f3n de la Spannabis Champions Cup queremos dar las gracias a todos los participantes y patrocinadores por hacer posible esta copa ben\u00e9fica. Tambi\u00e9n queremos agradecer a Ananda Lab el extraordinario trabajo que ha llevado a cabo. Gracias a vosotros hemos podido donar 5000 \u20ac al OECM. Todos los participantes que [&hellip;]<\/p>\n","protected":false},"author":1,"featured_media":35,"parent":0,"menu_order":1,"comment_status":"closed","ping_status":"open","template":"","meta":{"ngg_post_thumbnail":0,"footnotes":""},"class_list":["post-2496","page","type-page","status-publish","has-post-thumbnail","hentry"],"_links":{"self":[{"href":"https:\/\/cannabischampionscup.com\/scc\/wp-json\/wp\/v2\/pages\/2496","targetHints":{"allow":["GET"]}}],"collection":[{"href":"https:\/\/cannabischampionscup.com\/scc\/wp-json\/wp\/v2\/pages"}],"about":[{"href":"https:\/\/cannabischampionscup.com\/scc\/wp-json\/wp\/v2\/types\/page"}],"author":[{"embeddable":true,"href":"https:\/\/cannabischampionscup.com\/scc\/wp-json\/wp\/v2\/users\/1"}],"replies":[{"embeddable":true,"href":"https:\/\/cannabischampionscup.com\/scc\/wp-json\/wp\/v2\/comments?post=2496"}],"version-history":[{"count":4,"href":"https:\/\/cannabischampionscup.com\/scc\/wp-json\/wp\/v2\/pages\/2496\/revisions"}],"predecessor-version":[{"id":5200,"href":"https:\/\/cannabischampionscup.com\/scc\/wp-json\/wp\/v2\/pages\/2496\/revisions\/5200"}],"wp:featuredmedia":[{"embeddable":true,"href":"https:\/\/cannabischampionscup.com\/scc\/wp-json\/wp\/v2\/media\/35"}],"wp:attachment":[{"href":"https:\/\/cannabischampionscup.com\/scc\/wp-json\/wp\/v2\/media?parent=2496"}],"curies":[{"name":"wp","href":"https:\/\/api.w.org\/{rel}","templated":true}]}}