{"id":2343,"date":"2017-03-24T12:31:08","date_gmt":"2017-03-24T11:31:08","guid":{"rendered":"https:\/\/cannabischampionscup.com\/scc\/?page_id=2343"},"modified":"2023-05-05T11:32:12","modified_gmt":"2023-05-05T09:32:12","slug":"resultados-2017-bcn","status":"publish","type":"page","link":"https:\/\/cannabischampionscup.com\/scc\/resultados-2017-bcn\/","title":{"rendered":"Resultados 2017 BCN"},"content":{"rendered":"\t\t<div data-elementor-type=\"wp-page\" data-elementor-id=\"2343\" class=\"elementor elementor-2343\" data-elementor-post-type=\"page\">\n\t\t\t\t\t\t<section class=\"elementor-section elementor-top-section elementor-element elementor-element-615a32f8 elementor-section-boxed elementor-section-height-default elementor-section-height-default\" data-id=\"615a32f8\" data-element_type=\"section\" data-e-type=\"section\" data-settings=\"{&quot;background_background&quot;:&quot;classic&quot;}\">\n\t\t\t\t\t\t\t<div class=\"elementor-background-overlay\"><\/div>\n\t\t\t\t\t\t\t<div class=\"elementor-container elementor-column-gap-default\">\n\t\t\t\t\t<div class=\"elementor-column elementor-col-100 elementor-top-column elementor-element elementor-element-7fda8860\" data-id=\"7fda8860\" data-element_type=\"column\" data-e-type=\"column\">\n\t\t\t<div class=\"elementor-widget-wrap elementor-element-populated\">\n\t\t\t\t\t\t<div class=\"elementor-element elementor-element-2e2d045 elementor-widget elementor-widget-heading\" data-id=\"2e2d045\" data-element_type=\"widget\" data-e-type=\"widget\" data-widget_type=\"heading.default\">\n\t\t\t\t<div class=\"elementor-widget-container\">\n\t\t\t\t\t<h1 class=\"elementor-heading-title elementor-size-xxl\">GANADORES 2017<\/h1>\t\t\t\t<\/div>\n\t\t\t\t<\/div>\n\t\t\t\t\t<\/div>\n\t\t<\/div>\n\t\t\t\t\t<\/div>\n\t\t<\/section>\n\t\t\t\t<section class=\"elementor-section elementor-top-section elementor-element elementor-element-7a3cc374 elementor-section-boxed elementor-section-height-default elementor-section-height-default\" data-id=\"7a3cc374\" data-element_type=\"section\" data-e-type=\"section\" data-settings=\"{&quot;background_background&quot;:&quot;classic&quot;}\">\n\t\t\t\t\t\t\t<div class=\"elementor-background-overlay\"><\/div>\n\t\t\t\t\t\t\t<div class=\"elementor-container elementor-column-gap-default\">\n\t\t\t\t\t<div class=\"elementor-column elementor-col-100 elementor-top-column elementor-element elementor-element-2f6b6598\" data-id=\"2f6b6598\" data-element_type=\"column\" data-e-type=\"column\">\n\t\t\t<div class=\"elementor-widget-wrap elementor-element-populated\">\n\t\t\t\t\t\t<div class=\"elementor-element elementor-element-762e247e elementor-widget elementor-widget-text-editor\" data-id=\"762e247e\" data-element_type=\"widget\" data-e-type=\"widget\" data-widget_type=\"text-editor.default\">\n\t\t\t\t<div class=\"elementor-widget-container\">\n\t\t\t\t\t\t\t\t\t<p><span style=\"color: #ffffff;\">Desde la organizaci\u00f3n de la Spannabis Champions Cup queremos dar las gracias a todos los participantes y patrocinadores por hacer posible esta copa ben\u00e9fica. Tambi\u00e9n queremos agradecer a Ananda Lab el extraordinario trabajo que ha llevado a cabo.<\/span><\/p><p><span style=\"color: #ffffff;\">Gracias a vosotros hemos podido donar 7.967 \u20ac a ICEERS, para su estudio \u201cSalud y calidad de vida en usuarios medicinales de cannabis\u201d.<\/span><\/p><p><span style=\"color: #ffffff;\">Todos los participantes que quer\u00e1is consultar las valoraciones recibidas por los jueces, as\u00ed como los an\u00e1lisis de vuestras variedades, por favor, escribidnos a: <a style=\"color: #ffffff;\" href=\"mailto:info@cannabischampionscup.com\">info@cannabischampionscup.com<\/a>.<\/span><\/p><p><span style=\"color: #ffffff;\">No os perd\u00e1is la pr\u00f3xima edici\u00f3n de la copa en Spannabis Madrid (13, 14 y 15 de octubre).<\/span><\/p><h2><span style=\"color: #ffffff;\"><img decoding=\"async\" class=\" size-full wp-image-35\" src=\"https:\/\/cannabischampionscup.com\/scc\/wp-content\/uploads\/2011\/05\/lateraltransparaente.png\" width=\"1\" height=\"1\" border=\"0\" srcset=\"https:\/\/cannabischampionscup.com\/scc\/wp-content\/uploads\/2011\/05\/lateraltransparaente.png 261w, https:\/\/cannabischampionscup.com\/scc\/wp-content\/uploads\/2011\/05\/lateraltransparaente-150x150.png 150w\" sizes=\"(max-width: 1px) 100vw, 1px\" \/><a style=\"color: #ffffff;\" href=\"https:\/\/cannabischampionscup.com\/scc\/wp-content\/uploads\/2016\/06\/logo_new.png\"><img decoding=\"async\" class=\"alignright wp-image-1842 \" src=\"https:\/\/cannabischampionscup.com\/scc\/wp-content\/uploads\/2016\/06\/logo_new.png\" alt=\"\" width=\"200\" height=\"231\" \/><\/a>GANADORES 2017<\/span><\/h2><h3><span style=\"color: #ffffff;\">Categor\u00eda CBD<\/span><\/h3><p><span style=\"color: #ffffff;\">1.\u00ba Planta y Punto: Orinoco<\/span><\/p><p><span style=\"color: #ffffff;\">2.\u00ba CBD Botanic: CBD PiHaze<\/span><\/p><p><span style=\"color: #ffffff;\">3.\u00ba Dinafem: OG Kush CBD<\/span><\/p><h3><span style=\"color: #ffffff;\">Categor\u00eda \u00cdndica<\/span><\/h3><p><span style=\"color: #ffffff;\">1.\u00ba Sweet Seeds: Cristal Candy<\/span><\/p><p><span style=\"color: #ffffff;\">2.\u00ba Madre Naturaleza Growshop: Bomb\u00f3n<\/span><\/p><p><span style=\"color: #ffffff;\">3.\u00ba Planta y Punto &amp; Medical Marijuana Genetics: Kanela<\/span><\/p><h3><span style=\"color: #ffffff;\">Categor\u00eda Sativa<\/span><\/h3><p><span style=\"color: #ffffff;\">1.\u00ba The Plug BCN: Purple Lemon Cookies<\/span><\/p><p><span style=\"color: #ffffff;\">2.\u00ba Ripper Seeds: Acid Dough<\/span><\/p><p><span style=\"color: #ffffff;\">3.\u00ba El Placer de la Vida: Amnesia Hoy-Pro<\/span><\/p><h3><span style=\"color: #ffffff;\">Categor\u00eda extracciones sin solvente<\/span><\/h3><p><span style=\"color: #ffffff;\">1.\u00ba Lady Sativa Genetics: Super Orange Glue Rosin<\/span><\/p><p><span style=\"color: #ffffff;\">2.\u00ba Ripper Seeds: Sour Ripper Dry Hash (feat. Grow Castellet)<\/span><\/p><p><span style=\"color: #ffffff;\">3.\u00ba Certified CookieFam: Cookiefam Snowman Rosin<\/span><\/p><h3><span style=\"color: #ffffff;\">Categor\u00eda extracciones con solvente<\/span><\/h3><p><span style=\"color: #ffffff;\">1.\u00ba Harmony Extracts: Banana Kush<\/span><\/p><p><span style=\"color: #ffffff;\">2.\u00ba Dabulous Daboritree: Sour Mandarina<\/span><\/p><p><span style=\"color: #ffffff;\">3.\u00ba Ripper Seeds: Sugar Wax<\/span><\/p><h4>\u00a0<\/h4><h4><span style=\"color: #ffffff;\"><strong>Premios especiales<\/strong> del laboratorio Ananda Lab:<\/span><\/h4><p><span style=\"color: #ffffff;\"><strong>Muestra vegetal con m\u00e1s contenido en CBD: <\/strong>CBD PiHaze de CBD Botanic<\/span><\/p><p><span style=\"color: #ffffff;\"><strong>Muestra vegetal con m\u00e1s contenido en THC: <\/strong>Knightsbridge OG de SouthEast Canna Club<\/span><\/p><p><span style=\"color: #ffffff;\"><strong>Muestra mejor purgada de BHO: <\/strong>Clean Confidencial OG de The Kush Brothers Seeds<\/span><\/p><p><span style=\"color: #ffffff;\">Puedes descargar los resultados <a style=\"color: #ffffff;\" href=\"https:\/\/cannabischampionscup.com\/scc\/wp-content\/uploads\/2017\/03\/GanadoresBCN2017.pdf\" target=\"_blank\" rel=\"noopener\">aqu\u00ed<\/a><\/span><\/p>\t\t\t\t\t\t\t\t<\/div>\n\t\t\t\t<\/div>\n\t\t\t\t\t<\/div>\n\t\t<\/div>\n\t\t\t\t\t<\/div>\n\t\t<\/section>\n\t\t\t\t<section class=\"elementor-section elementor-top-section elementor-element elementor-element-61deb313 elementor-section-boxed elementor-section-height-default elementor-section-height-default\" data-id=\"61deb313\" data-element_type=\"section\" data-e-type=\"section\" data-settings=\"{&quot;background_background&quot;:&quot;classic&quot;}\">\n\t\t\t\t\t\t\t<div class=\"elementor-background-overlay\"><\/div>\n\t\t\t\t\t\t\t<div class=\"elementor-container elementor-column-gap-default\">\n\t\t\t\t\t<div class=\"elementor-column elementor-col-100 elementor-top-column elementor-element elementor-element-4b99e3f7\" data-id=\"4b99e3f7\" data-element_type=\"column\" data-e-type=\"column\">\n\t\t\t<div class=\"elementor-widget-wrap elementor-element-populated\">\n\t\t\t\t\t\t<div class=\"elementor-element elementor-element-15597b0f elementor-widget elementor-widget-elementskit-heading\" data-id=\"15597b0f\" data-element_type=\"widget\" data-e-type=\"widget\" data-widget_type=\"elementskit-heading.default\">\n\t\t\t\t<div class=\"elementor-widget-container\">\n\t\t\t\t\t<div class=\"ekit-wid-con\" ><div class=\"ekit-heading elementskit-section-title-wraper text_center   ekit_heading_tablet-   ekit_heading_mobile-\"><h2 class=\"ekit-heading--title elementskit-section-title \">Quieres ser <span><span>Sponsor<\/span><\/span> <\/h2><\/div><\/div>\t\t\t\t<\/div>\n\t\t\t\t<\/div>\n\t\t\t\t<div class=\"elementor-element elementor-element-3bb129a6 elementor-widget elementor-widget-elementskit-heading\" data-id=\"3bb129a6\" data-element_type=\"widget\" data-e-type=\"widget\" data-widget_type=\"elementskit-heading.default\">\n\t\t\t\t<div class=\"elementor-widget-container\">\n\t\t\t\t\t<div class=\"ekit-wid-con\" ><div class=\"ekit-heading elementskit-section-title-wraper text_center   ekit_heading_tablet-   ekit_heading_mobile-\"><h2 class=\"ekit-heading--title elementskit-section-title \">\u00bf<span><span>Quieres<\/span><\/span> ser <span><span>parte<\/span><\/span> de la Copa?<\/h2><\/div><\/div>\t\t\t\t<\/div>\n\t\t\t\t<\/div>\n\t\t\t\t<div class=\"elementor-element elementor-element-719941c6 elementor-widget elementor-widget-text-editor\" data-id=\"719941c6\" data-element_type=\"widget\" data-e-type=\"widget\" data-widget_type=\"text-editor.default\">\n\t\t\t\t<div class=\"elementor-widget-container\">\n\t\t\t\t\t\t\t\t\t<p>\u00bfQuieres convertirte en\u00a0<strong>patrocinador<\/strong>\u00a0de una de las\u00a0<strong>copas cann\u00e1bicas m\u00e1s prestigiosas<\/strong>\u00a0de Europa? Puedes elegir entre estas tres modalidades:\u00a0<strong>MAIN<\/strong>,\u00a0<strong>GOLD<\/strong>\u00a0y\u00a0<strong>SILVER.<\/strong><\/p>\t\t\t\t\t\t\t\t<\/div>\n\t\t\t\t<\/div>\n\t\t\t\t<div class=\"elementor-element elementor-element-17ece1a6 elementor-align-center elementor-widget elementor-widget-button\" data-id=\"17ece1a6\" data-element_type=\"widget\" data-e-type=\"widget\" data-widget_type=\"button.default\">\n\t\t\t\t<div class=\"elementor-widget-container\">\n\t\t\t\t\t\t\t\t\t<div class=\"elementor-button-wrapper\">\n\t\t\t\t\t<a class=\"elementor-button elementor-button-link elementor-size-sm\" href=\"https:\/\/cannabischampionscup.com\/scc\/sponsors\/\">\n\t\t\t\t\t\t<span class=\"elementor-button-content-wrapper\">\n\t\t\t\t\t\t\t\t\t<span class=\"elementor-button-text\">Contratar<\/span>\n\t\t\t\t\t<\/span>\n\t\t\t\t\t<\/a>\n\t\t\t\t<\/div>\n\t\t\t\t\t\t\t\t<\/div>\n\t\t\t\t<\/div>\n\t\t\t\t\t<\/div>\n\t\t<\/div>\n\t\t\t\t\t<\/div>\n\t\t<\/section>\n\t\t\t\t<\/div>\n\t\t","protected":false},"excerpt":{"rendered":"<p>GANADORES 2017 Desde la organizaci\u00f3n de la Spannabis Champions Cup queremos dar las gracias a todos los participantes y patrocinadores por hacer posible esta copa ben\u00e9fica. Tambi\u00e9n queremos agradecer a Ananda Lab el extraordinario trabajo que ha llevado a cabo. Gracias a vosotros hemos podido donar 7.967 \u20ac a ICEERS, para su estudio \u201cSalud y [&hellip;]<\/p>\n","protected":false},"author":1,"featured_media":35,"parent":0,"menu_order":1,"comment_status":"closed","ping_status":"open","template":"","meta":{"ngg_post_thumbnail":0,"footnotes":""},"class_list":["post-2343","page","type-page","status-publish","has-post-thumbnail","hentry"],"_links":{"self":[{"href":"https:\/\/cannabischampionscup.com\/scc\/wp-json\/wp\/v2\/pages\/2343","targetHints":{"allow":["GET"]}}],"collection":[{"href":"https:\/\/cannabischampionscup.com\/scc\/wp-json\/wp\/v2\/pages"}],"about":[{"href":"https:\/\/cannabischampionscup.com\/scc\/wp-json\/wp\/v2\/types\/page"}],"author":[{"embeddable":true,"href":"https:\/\/cannabischampionscup.com\/scc\/wp-json\/wp\/v2\/users\/1"}],"replies":[{"embeddable":true,"href":"https:\/\/cannabischampionscup.com\/scc\/wp-json\/wp\/v2\/comments?post=2343"}],"version-history":[{"count":7,"href":"https:\/\/cannabischampionscup.com\/scc\/wp-json\/wp\/v2\/pages\/2343\/revisions"}],"predecessor-version":[{"id":5196,"href":"https:\/\/cannabischampionscup.com\/scc\/wp-json\/wp\/v2\/pages\/2343\/revisions\/5196"}],"wp:featuredmedia":[{"embeddable":true,"href":"https:\/\/cannabischampionscup.com\/scc\/wp-json\/wp\/v2\/media\/35"}],"wp:attachment":[{"href":"https:\/\/cannabischampionscup.com\/scc\/wp-json\/wp\/v2\/media?parent=2343"}],"curies":[{"name":"wp","href":"https:\/\/api.w.org\/{rel}","templated":true}]}}